{"id":1996,"date":"2018-02-15T21:49:06","date_gmt":"2018-02-15T21:49:06","guid":{"rendered":"https:\/\/aeat.com.br\/aeat\/?page_id=1996"},"modified":"2021-08-05T13:42:18","modified_gmt":"2021-08-05T13:42:18","slug":"boletins-informativos-2018","status":"publish","type":"page","link":"https:\/\/aeat.com.br\/aeat\/boletins-informativos-2018\/","title":{"rendered":"Boletins Informativos"},"content":{"rendered":"<p><strong>EDI\u00c7\u00d5ES DE 2021!<\/strong><\/p>\n<p><a href=\"https:\/\/aeat.com.br\/aeat\/wp-content\/uploads\/2021\/08\/EDICAO-30-Boletim-Informativo-AEAT.pdf\">EDI\u00c7\u00c3O 30 &#8211; Boletim Informativo AEAT<\/a><\/p>\n<p><a href=\"https:\/\/aeat.com.br\/aeat\/wp-content\/uploads\/2021\/08\/EDICAO-31-Boletim-Informativo-AEAT.pdf\">EDI\u00c7\u00c3O 31 &#8211; Boletim Informativo AEAT<\/a><\/p>\n<p><strong>EDI\u00c7\u00d5ES DE 2020!<\/strong><\/p>\n<p><a href=\"https:\/\/aeat.com.br\/aeat\/wp-content\/uploads\/2020\/04\/EDI\u00c7\u00c3O-24-Boletim-Informativo-AEAT.pdf\">EDI\u00c7\u00c3O 24 &#8211; Boletim Informativo AEAT<\/a><\/p>\n<p><a href=\"https:\/\/aeat.com.br\/aeat\/wp-content\/uploads\/2020\/04\/EDI\u00c7\u00c3O-25-Boletim-Informativo-AEAT.pdf\">EDI\u00c7\u00c3O 25 &#8211; Boletim Informativo AEAT<\/a><\/p>\n<p><a href=\"https:\/\/aeat.com.br\/aeat\/wp-content\/uploads\/2021\/01\/EDICAO-26-Boletim-Informativo-AEAT.pdf\">EDI\u00c7\u00c3O 26 &#8211; Boletim Informativo AEAT<\/a><\/p>\n<p><a href=\"https:\/\/aeat.com.br\/aeat\/wp-content\/uploads\/2021\/01\/EDICAO-27-Boletim-Informativo-AEAT.pdf\">EDI\u00c7\u00c3O 27 &#8211; Boletim Informativo AEAT<\/a><\/p>\n<p><a href=\"https:\/\/aeat.com.br\/aeat\/wp-content\/uploads\/2021\/01\/EDICAO-28-Boletim-Informativo-AEAT.pdf\">EDI\u00c7\u00c3O 28 &#8211; Boletim Informativo AEAT<\/a><\/p>\n<p><a href=\"https:\/\/aeat.com.br\/aeat\/wp-content\/uploads\/2021\/01\/EDICAO-29-Boletim-Informativo-AEAT.pdf\">EDI\u00c7\u00c3O 29 &#8211; Boletim Informativo AEAT<\/a><\/p>\n<p><strong>EDI\u00c7\u00d5ES DE 2019!<\/strong><\/p>\n<p><a href=\"https:\/\/aeat.com.br\/aeat\/wp-content\/uploads\/2019\/12\/EDI\u00c7\u00c3O-19-Boletim-Informativo-AEAT.pdf\">EDI\u00c7\u00c3O 19 &#8211; Boletim Informativo AEAT<\/a><\/p>\n<p><a href=\"https:\/\/aeat.com.br\/aeat\/wp-content\/uploads\/2019\/12\/EDI\u00c7\u00c3O-20-Boletim-Informativo-AEAT.pdf\">EDI\u00c7\u00c3O 20 &#8211; Boletim Informativo AEAT<\/a><\/p>\n<p><a href=\"https:\/\/aeat.com.br\/aeat\/wp-content\/uploads\/2019\/12\/EDI\u00c7\u00c3O-21-Boletim-Informativo-AEAT.pdf\">EDI\u00c7\u00c3O 21 &#8211; Boletim Informativo AEAT<\/a><\/p>\n<p><a href=\"https:\/\/aeat.com.br\/aeat\/wp-content\/uploads\/2019\/12\/EDI\u00c7\u00c3O-22-Boletim-Informativo-AEAT.pdf\">EDI\u00c7\u00c3O 22 &#8211; Boletim Informativo AEAT<\/a><\/p>\n<p><a href=\"https:\/\/aeat.com.br\/aeat\/wp-content\/uploads\/2019\/12\/EDI\u00c7\u00c3O-23-Boletim-Informativo-AEAT.pdf\">EDI\u00c7\u00c3O 23 &#8211; Boletim Informativo AEAT<\/a><\/p>\n<p><a href=\"https:\/\/aeat.com.br\/aeat\/wp-content\/uploads\/2019\/12\/EDI\u00c7\u00c3O-24-Boletim-Informativo-AEAT.pdf\">EDI\u00c7\u00c3O 24 &#8211; Boletim Informativo AEAT<\/a><\/p>\n<p><strong>EDI\u00c7\u00d5ES DE 2018!<\/strong><\/p>\n<p><a href=\"https:\/\/aeat.com.br\/aeat\/wp-content\/uploads\/2019\/06\/Boletim-Informativo-AEAT-Fevereiro-2018.pdf\">Boletim Informativo AEAT &#8211; Fevereiro 2018<\/a><\/p>\n<p><a href=\"https:\/\/aeat.com.br\/aeat\/wp-content\/uploads\/2019\/06\/Boletim-Informativo-AEAT-Abril-2017.pdf\">Boletim Informativo AEAT &#8211; Abril 2017<\/a><\/p>\n<p><a href=\"https:\/\/aeat.com.br\/aeat\/wp-content\/uploads\/2019\/06\/Boletim-Informativo-AEAT-Junho-de-2018.pdf\">Boletim Informativo AEAT &#8211; Junho de 2018<\/a><\/p>\n<p><a href=\"https:\/\/aeat.com.br\/aeat\/wp-content\/uploads\/2019\/06\/Boletim-Informativo-AEAT-Agosto-2018.pdf\">Boletim<\/a><a href=\"https:\/\/aeat.com.br\/aeat\/wp-content\/uploads\/2019\/06\/Boletim-Informativo-AEAT-Agosto-2018.pdf\">\u00a0Informativo AEAT &#8211; Agosto 2018<\/a><\/p>\n<p><a href=\"https:\/\/aeat.com.br\/aeat\/wp-content\/uploads\/2019\/06\/Boletim-Informativo-AEAT-Outubro-2018.pdf\">Boletim Informativo AEAT &#8211; Outubro 2018<\/a><\/p>\n<p><a href=\"https:\/\/aeat.com.br\/aeat\/wp-content\/uploads\/2019\/06\/Boletim-Informativo-AEAT-Novembro-2018.pdf\">Boletim Informativo AEAT &#8211; Novembro 2018<\/a><\/p>\n<p>&nbsp;<\/p>\n<p>&nbsp;<\/p>\n","protected":false},"excerpt":{"rendered":"<p>EDI\u00c7\u00d5ES DE 2021!<br \/>\nEDI\u00c7\u00c3O 30 &#8211; Boletim Informativo AEAT<br \/>\nEDI\u00c7\u00c3O 31 &#8211; Boletim Informativo AEAT<br \/>\nEDI\u00c7\u00d5ES DE 2020!<br \/>\nEDI\u00c7\u00c3O 24 &#8211; Boletim Informativo AEAT<br \/>\nEDI\u00c7\u00c3O &#8230;<\/p>\n","protected":false},"author":2,"featured_media":0,"parent":0,"menu_order":0,"comment_status":"closed","ping_status":"closed","template":"","meta":{"_acf_changed":false,"footnotes":""},"acf":[],"yoast_head":"<!-- This site is optimized with the Yoast SEO plugin v23.1 - https:\/\/yoast.com\/wordpress\/plugins\/seo\/ -->\n<title>Boletins Informativos - AEAT<\/title>\n<meta name=\"robots\" content=\"index, follow, max-snippet:-1, max-image-preview:large, max-video-preview:-1\" \/>\n<link rel=\"canonical\" href=\"https:\/\/aeat.com.br\/aeat\/boletins-informativos-2018\/\" \/>\n<meta property=\"og:locale\" content=\"pt_BR\" \/>\n<meta property=\"og:type\" content=\"article\" \/>\n<meta property=\"og:title\" content=\"Boletins Informativos - AEAT\" \/>\n<meta property=\"og:description\" content=\"EDI\u00c7\u00d5ES DE 2021! EDI\u00c7\u00c3O 30 &#8211; Boletim Informativo AEAT EDI\u00c7\u00c3O 31 &#8211; Boletim Informativo AEAT EDI\u00c7\u00d5ES DE 2020! EDI\u00c7\u00c3O 24 &#8211; Boletim Informativo AEAT EDI\u00c7\u00c3O ...\" \/>\n<meta property=\"og:url\" content=\"https:\/\/aeat.com.br\/aeat\/boletins-informativos-2018\/\" \/>\n<meta property=\"og:site_name\" content=\"AEAT\" \/>\n<meta property=\"article:publisher\" content=\"https:\/\/www.facebook.com\/Associa%c3%a7%c3%a3o-dos-Engenheiros-e-Arquitetos-de-Taubat%c3%a9-AEAT-620651287980989\/\" \/>\n<meta property=\"article:modified_time\" content=\"2021-08-05T13:42:18+00:00\" \/>\n<meta name=\"twitter:card\" content=\"summary_large_image\" \/>\n<meta name=\"twitter:label1\" content=\"Est. tempo de leitura\" \/>\n\t<meta name=\"twitter:data1\" content=\"1 minuto\" \/>\n<script type=\"application\/ld+json\" class=\"yoast-schema-graph\">{\"@context\":\"https:\/\/schema.org\",\"@graph\":[{\"@type\":\"WebPage\",\"@id\":\"https:\/\/aeat.com.br\/aeat\/boletins-informativos-2018\/\",\"url\":\"https:\/\/aeat.com.br\/aeat\/boletins-informativos-2018\/\",\"name\":\"Boletins Informativos - AEAT\",\"isPartOf\":{\"@id\":\"https:\/\/aeat.com.br\/aeat\/#website\"},\"datePublished\":\"2018-02-15T21:49:06+00:00\",\"dateModified\":\"2021-08-05T13:42:18+00:00\",\"breadcrumb\":{\"@id\":\"https:\/\/aeat.com.br\/aeat\/boletins-informativos-2018\/#breadcrumb\"},\"inLanguage\":\"pt-BR\",\"potentialAction\":[{\"@type\":\"ReadAction\",\"target\":[\"https:\/\/aeat.com.br\/aeat\/boletins-informativos-2018\/\"]}]},{\"@type\":\"BreadcrumbList\",\"@id\":\"https:\/\/aeat.com.br\/aeat\/boletins-informativos-2018\/#breadcrumb\",\"itemListElement\":[{\"@type\":\"ListItem\",\"position\":1,\"name\":\"Home\",\"item\":\"https:\/\/aeat.com.br\/aeat\/\"},{\"@type\":\"ListItem\",\"position\":2,\"name\":\"Boletins Informativos\"}]},{\"@type\":\"WebSite\",\"@id\":\"https:\/\/aeat.com.br\/aeat\/#website\",\"url\":\"https:\/\/aeat.com.br\/aeat\/\",\"name\":\"AEAT\",\"description\":\"Associa\u00e7\u00e3o dos Engenheiros e Arquitetos de Taubat\u00e9\",\"potentialAction\":[{\"@type\":\"SearchAction\",\"target\":{\"@type\":\"EntryPoint\",\"urlTemplate\":\"https:\/\/aeat.com.br\/aeat\/?s={search_term_string}\"},\"query-input\":\"required name=search_term_string\"}],\"inLanguage\":\"pt-BR\"}]}<\/script>\n<!-- \/ Yoast SEO plugin. -->","yoast_head_json":{"title":"Boletins Informativos - AEAT","robots":{"index":"index","follow":"follow","max-snippet":"max-snippet:-1","max-image-preview":"max-image-preview:large","max-video-preview":"max-video-preview:-1"},"canonical":"https:\/\/aeat.com.br\/aeat\/boletins-informativos-2018\/","og_locale":"pt_BR","og_type":"article","og_title":"Boletins Informativos - AEAT","og_description":"EDI\u00c7\u00d5ES DE 2021! EDI\u00c7\u00c3O 30 &#8211; Boletim Informativo AEAT EDI\u00c7\u00c3O 31 &#8211; Boletim Informativo AEAT EDI\u00c7\u00d5ES DE 2020! EDI\u00c7\u00c3O 24 &#8211; Boletim Informativo AEAT EDI\u00c7\u00c3O ...","og_url":"https:\/\/aeat.com.br\/aeat\/boletins-informativos-2018\/","og_site_name":"AEAT","article_publisher":"https:\/\/www.facebook.com\/Associa%c3%a7%c3%a3o-dos-Engenheiros-e-Arquitetos-de-Taubat%c3%a9-AEAT-620651287980989\/","article_modified_time":"2021-08-05T13:42:18+00:00","twitter_card":"summary_large_image","twitter_misc":{"Est. tempo de leitura":"1 minuto"},"schema":{"@context":"https:\/\/schema.org","@graph":[{"@type":"WebPage","@id":"https:\/\/aeat.com.br\/aeat\/boletins-informativos-2018\/","url":"https:\/\/aeat.com.br\/aeat\/boletins-informativos-2018\/","name":"Boletins Informativos - AEAT","isPartOf":{"@id":"https:\/\/aeat.com.br\/aeat\/#website"},"datePublished":"2018-02-15T21:49:06+00:00","dateModified":"2021-08-05T13:42:18+00:00","breadcrumb":{"@id":"https:\/\/aeat.com.br\/aeat\/boletins-informativos-2018\/#breadcrumb"},"inLanguage":"pt-BR","potentialAction":[{"@type":"ReadAction","target":["https:\/\/aeat.com.br\/aeat\/boletins-informativos-2018\/"]}]},{"@type":"BreadcrumbList","@id":"https:\/\/aeat.com.br\/aeat\/boletins-informativos-2018\/#breadcrumb","itemListElement":[{"@type":"ListItem","position":1,"name":"Home","item":"https:\/\/aeat.com.br\/aeat\/"},{"@type":"ListItem","position":2,"name":"Boletins Informativos"}]},{"@type":"WebSite","@id":"https:\/\/aeat.com.br\/aeat\/#website","url":"https:\/\/aeat.com.br\/aeat\/","name":"AEAT","description":"Associa\u00e7\u00e3o dos Engenheiros e Arquitetos de Taubat\u00e9","potentialAction":[{"@type":"SearchAction","target":{"@type":"EntryPoint","urlTemplate":"https:\/\/aeat.com.br\/aeat\/?s={search_term_string}"},"query-input":"required name=search_term_string"}],"inLanguage":"pt-BR"}]}},"_links":{"self":[{"href":"https:\/\/aeat.com.br\/aeat\/wp-json\/wp\/v2\/pages\/1996"}],"collection":[{"href":"https:\/\/aeat.com.br\/aeat\/wp-json\/wp\/v2\/pages"}],"about":[{"href":"https:\/\/aeat.com.br\/aeat\/wp-json\/wp\/v2\/types\/page"}],"author":[{"embeddable":true,"href":"https:\/\/aeat.com.br\/aeat\/wp-json\/wp\/v2\/users\/2"}],"replies":[{"embeddable":true,"href":"https:\/\/aeat.com.br\/aeat\/wp-json\/wp\/v2\/comments?post=1996"}],"version-history":[{"count":9,"href":"https:\/\/aeat.com.br\/aeat\/wp-json\/wp\/v2\/pages\/1996\/revisions"}],"predecessor-version":[{"id":3812,"href":"https:\/\/aeat.com.br\/aeat\/wp-json\/wp\/v2\/pages\/1996\/revisions\/3812"}],"wp:attachment":[{"href":"https:\/\/aeat.com.br\/aeat\/wp-json\/wp\/v2\/media?parent=1996"}],"curies":[{"name":"wp","href":"https:\/\/api.w.org\/{rel}","templated":true}]}}