{"id":220,"date":"2017-03-14T11:55:49","date_gmt":"2017-03-14T11:55:49","guid":{"rendered":"http:\/\/aeat.com.br\/aeat\/?page_id=220"},"modified":"2026-03-23T20:49:28","modified_gmt":"2026-03-23T20:49:28","slug":"servicos-pagseguro","status":"publish","type":"page","link":"https:\/\/aeat.com.br\/aeat\/servicos-pagseguro\/","title":{"rendered":"ANUIDADE 2025"},"content":{"rendered":"<div><\/div>\n<h3 style=\"text-align: center;\"><strong>PAGUE VIA PIX &#8211; CHAVE CNPJ &#8211; 50.018.126\/0001-61\u00a0<\/strong><\/h3>\n<h3 style=\"text-align: center;\"><em><strong>ANUIDADE 2026 &#8211; R$ 250,00 (vencimento 31.03.2026)<\/strong><\/em><\/h3>\n<div style=\"text-align: center;\">* \u00c9 necess\u00e1rio o envio do comprovante via WhatsApp (12) 9 8110 7605 para baixa no sistema<\/div>\n<div>\n<div style=\"text-align: center;\"><\/div>\n<div style=\"text-align: center;\"><strong>Importante:<\/strong> em alguns casos <em>(consulte na secretaria da AEAT)<\/em> \u00e9 poss\u00edvel pagar a anuidade com desconto.<\/div>\n<div style=\"text-align: center;\">Assim, \u00e9 necess\u00e1rio solicitar o pagamento diretamente na Associa\u00e7\u00e3o.<\/div>\n<\/div>\n<div><\/div>\n<div><\/div>\n<div style=\"text-align: center;\"><\/div>\n<div class=\"row\">\n<div class=\"col-md-2\"><\/div>\n<div class=\"col-md-8\">\n<p>&nbsp;<\/p>\n<p>&nbsp;<\/p>\n<p>&nbsp;<\/p>\n<\/div>\n<div class=\"col-md-2\"><\/div>\n<\/div>\n","protected":false},"excerpt":{"rendered":"<p>PAGUE VIA PIX &#8211; CHAVE CNPJ &#8211; 50.018.126\/0001-61\u00a0<br \/>\nANUIDADE 2026 &#8211; R$ 250,00 (vencimento 31.03.2026)<br \/>\n* \u00c9 necess\u00e1rio o envio do comprovante &#8230;<\/p>\n","protected":false},"author":1,"featured_media":0,"parent":0,"menu_order":0,"comment_status":"closed","ping_status":"closed","template":"","meta":{"_acf_changed":false,"footnotes":""},"acf":[],"yoast_head":"<!-- This site is optimized with the Yoast SEO plugin v23.1 - https:\/\/yoast.com\/wordpress\/plugins\/seo\/ -->\n<title>ANUIDADE 2025 - AEAT<\/title>\n<meta name=\"robots\" content=\"index, follow, max-snippet:-1, max-image-preview:large, max-video-preview:-1\" \/>\n<link rel=\"canonical\" href=\"https:\/\/aeat.com.br\/aeat\/servicos-pagseguro\/\" \/>\n<meta property=\"og:locale\" content=\"pt_BR\" \/>\n<meta property=\"og:type\" content=\"article\" \/>\n<meta property=\"og:title\" content=\"ANUIDADE 2025 - AEAT\" \/>\n<meta property=\"og:description\" content=\"PAGUE VIA PIX &#8211; CHAVE CNPJ &#8211; 50.018.126\/0001-61\u00a0 ANUIDADE 2026 &#8211; R$ 250,00 (vencimento 31.03.2026) * \u00c9 necess\u00e1rio o envio do comprovante ...\" \/>\n<meta property=\"og:url\" content=\"https:\/\/aeat.com.br\/aeat\/servicos-pagseguro\/\" \/>\n<meta property=\"og:site_name\" content=\"AEAT\" \/>\n<meta property=\"article:publisher\" content=\"https:\/\/www.facebook.com\/Associa%c3%a7%c3%a3o-dos-Engenheiros-e-Arquitetos-de-Taubat%c3%a9-AEAT-620651287980989\/\" \/>\n<meta property=\"article:modified_time\" content=\"2026-03-23T20:49:28+00:00\" \/>\n<meta name=\"twitter:card\" content=\"summary_large_image\" \/>\n<meta name=\"twitter:label1\" content=\"Est. tempo de leitura\" \/>\n\t<meta name=\"twitter:data1\" content=\"1 minuto\" \/>\n<script type=\"application\/ld+json\" class=\"yoast-schema-graph\">{\"@context\":\"https:\/\/schema.org\",\"@graph\":[{\"@type\":\"WebPage\",\"@id\":\"https:\/\/aeat.com.br\/aeat\/servicos-pagseguro\/\",\"url\":\"https:\/\/aeat.com.br\/aeat\/servicos-pagseguro\/\",\"name\":\"ANUIDADE 2025 - AEAT\",\"isPartOf\":{\"@id\":\"https:\/\/aeat.com.br\/aeat\/#website\"},\"datePublished\":\"2017-03-14T11:55:49+00:00\",\"dateModified\":\"2026-03-23T20:49:28+00:00\",\"breadcrumb\":{\"@id\":\"https:\/\/aeat.com.br\/aeat\/servicos-pagseguro\/#breadcrumb\"},\"inLanguage\":\"pt-BR\",\"potentialAction\":[{\"@type\":\"ReadAction\",\"target\":[\"https:\/\/aeat.com.br\/aeat\/servicos-pagseguro\/\"]}]},{\"@type\":\"BreadcrumbList\",\"@id\":\"https:\/\/aeat.com.br\/aeat\/servicos-pagseguro\/#breadcrumb\",\"itemListElement\":[{\"@type\":\"ListItem\",\"position\":1,\"name\":\"Home\",\"item\":\"https:\/\/aeat.com.br\/aeat\/\"},{\"@type\":\"ListItem\",\"position\":2,\"name\":\"ANUIDADE 2025\"}]},{\"@type\":\"WebSite\",\"@id\":\"https:\/\/aeat.com.br\/aeat\/#website\",\"url\":\"https:\/\/aeat.com.br\/aeat\/\",\"name\":\"AEAT\",\"description\":\"Associa\u00e7\u00e3o dos Engenheiros e Arquitetos de Taubat\u00e9\",\"potentialAction\":[{\"@type\":\"SearchAction\",\"target\":{\"@type\":\"EntryPoint\",\"urlTemplate\":\"https:\/\/aeat.com.br\/aeat\/?s={search_term_string}\"},\"query-input\":\"required name=search_term_string\"}],\"inLanguage\":\"pt-BR\"}]}<\/script>\n<!-- \/ Yoast SEO plugin. -->","yoast_head_json":{"title":"ANUIDADE 2025 - AEAT","robots":{"index":"index","follow":"follow","max-snippet":"max-snippet:-1","max-image-preview":"max-image-preview:large","max-video-preview":"max-video-preview:-1"},"canonical":"https:\/\/aeat.com.br\/aeat\/servicos-pagseguro\/","og_locale":"pt_BR","og_type":"article","og_title":"ANUIDADE 2025 - AEAT","og_description":"PAGUE VIA PIX &#8211; CHAVE CNPJ &#8211; 50.018.126\/0001-61\u00a0 ANUIDADE 2026 &#8211; R$ 250,00 (vencimento 31.03.2026) * \u00c9 necess\u00e1rio o envio do comprovante ...","og_url":"https:\/\/aeat.com.br\/aeat\/servicos-pagseguro\/","og_site_name":"AEAT","article_publisher":"https:\/\/www.facebook.com\/Associa%c3%a7%c3%a3o-dos-Engenheiros-e-Arquitetos-de-Taubat%c3%a9-AEAT-620651287980989\/","article_modified_time":"2026-03-23T20:49:28+00:00","twitter_card":"summary_large_image","twitter_misc":{"Est. tempo de leitura":"1 minuto"},"schema":{"@context":"https:\/\/schema.org","@graph":[{"@type":"WebPage","@id":"https:\/\/aeat.com.br\/aeat\/servicos-pagseguro\/","url":"https:\/\/aeat.com.br\/aeat\/servicos-pagseguro\/","name":"ANUIDADE 2025 - AEAT","isPartOf":{"@id":"https:\/\/aeat.com.br\/aeat\/#website"},"datePublished":"2017-03-14T11:55:49+00:00","dateModified":"2026-03-23T20:49:28+00:00","breadcrumb":{"@id":"https:\/\/aeat.com.br\/aeat\/servicos-pagseguro\/#breadcrumb"},"inLanguage":"pt-BR","potentialAction":[{"@type":"ReadAction","target":["https:\/\/aeat.com.br\/aeat\/servicos-pagseguro\/"]}]},{"@type":"BreadcrumbList","@id":"https:\/\/aeat.com.br\/aeat\/servicos-pagseguro\/#breadcrumb","itemListElement":[{"@type":"ListItem","position":1,"name":"Home","item":"https:\/\/aeat.com.br\/aeat\/"},{"@type":"ListItem","position":2,"name":"ANUIDADE 2025"}]},{"@type":"WebSite","@id":"https:\/\/aeat.com.br\/aeat\/#website","url":"https:\/\/aeat.com.br\/aeat\/","name":"AEAT","description":"Associa\u00e7\u00e3o dos Engenheiros e Arquitetos de Taubat\u00e9","potentialAction":[{"@type":"SearchAction","target":{"@type":"EntryPoint","urlTemplate":"https:\/\/aeat.com.br\/aeat\/?s={search_term_string}"},"query-input":"required name=search_term_string"}],"inLanguage":"pt-BR"}]}},"_links":{"self":[{"href":"https:\/\/aeat.com.br\/aeat\/wp-json\/wp\/v2\/pages\/220"}],"collection":[{"href":"https:\/\/aeat.com.br\/aeat\/wp-json\/wp\/v2\/pages"}],"about":[{"href":"https:\/\/aeat.com.br\/aeat\/wp-json\/wp\/v2\/types\/page"}],"author":[{"embeddable":true,"href":"https:\/\/aeat.com.br\/aeat\/wp-json\/wp\/v2\/users\/1"}],"replies":[{"embeddable":true,"href":"https:\/\/aeat.com.br\/aeat\/wp-json\/wp\/v2\/comments?post=220"}],"version-history":[{"count":26,"href":"https:\/\/aeat.com.br\/aeat\/wp-json\/wp\/v2\/pages\/220\/revisions"}],"predecessor-version":[{"id":6636,"href":"https:\/\/aeat.com.br\/aeat\/wp-json\/wp\/v2\/pages\/220\/revisions\/6636"}],"wp:attachment":[{"href":"https:\/\/aeat.com.br\/aeat\/wp-json\/wp\/v2\/media?parent=220"}],"curies":[{"name":"wp","href":"https:\/\/api.w.org\/{rel}","templated":true}]}}