{"id":53,"date":"2017-01-09T19:32:58","date_gmt":"2017-01-09T19:32:58","guid":{"rendered":"http:\/\/aeat.com.br\/aeat\/?page_id=53"},"modified":"2018-05-23T13:39:36","modified_gmt":"2018-05-23T13:39:36","slug":"associe-se","status":"publish","type":"page","link":"https:\/\/aeat.com.br\/aeat\/associe-se\/","title":{"rendered":"Associe-se"},"content":{"rendered":"<p>Aten\u00e7\u00e3o associado! Este \u00e9 o primeiro passo para associar-se, depois de preencher o formul\u00e1rio, a secretaria da AEAT ir\u00e1 entrar em contato para seguir com o processo. Entre eles, o pagamento da anuidade, etc.<\/p>\n\n<div class=\"wpcf7 no-js\" id=\"wpcf7-f268-o1\" lang=\"pt-BR\" dir=\"ltr\">\n<div class=\"screen-reader-response\"><p role=\"status\" aria-live=\"polite\" aria-atomic=\"true\"><\/p> <ul><\/ul><\/div>\n<form action=\"\/aeat\/wp-json\/wp\/v2\/pages\/53#wpcf7-f268-o1\" method=\"post\" class=\"wpcf7-form init\" aria-label=\"Formul\u00e1rios de contato\" novalidate=\"novalidate\" data-status=\"init\">\n<div style=\"display: none;\">\n<input type=\"hidden\" name=\"_wpcf7\" value=\"268\" \/>\n<input type=\"hidden\" name=\"_wpcf7_version\" value=\"5.9.8\" \/>\n<input type=\"hidden\" name=\"_wpcf7_locale\" value=\"pt_BR\" \/>\n<input type=\"hidden\" name=\"_wpcf7_unit_tag\" value=\"wpcf7-f268-o1\" \/>\n<input type=\"hidden\" name=\"_wpcf7_container_post\" value=\"0\" \/>\n<input type=\"hidden\" name=\"_wpcf7_posted_data_hash\" value=\"\" \/>\n<input type=\"hidden\" name=\"_wpcf7_recaptcha_response\" value=\"\" \/>\n<\/div>\n<div class=\"form-group your-name\"><label class=\"\">Nome <span class=\"required\">*<\/span><\/label><input class=\"wpcf7-form-control wpcf7-text wpcf7-validates-as-required form-control\" name=\"your-name\" type=\"text\" value=\"\" aria-invalid=\"false\" aria-required=\"true\" required><\/div>\n\n<div class=\"form-group your-email\"><label class=\"\">Email <span class=\"required\">*<\/span><\/label><input class=\"wpcf7-form-control wpcf7-email wpcf7-validates-as-required wpcf7-text wpcf7-validates-as-email form-control\" name=\"your-email\" type=\"email\" value=\"\" aria-invalid=\"false\" aria-required=\"true\" required><\/div>\n\n<div class=\"form-group cpf\"><label class=\"\">CPF<\/label><input class=\"wpcf7-form-control wpcf7-text form-control\" name=\"cpf\" type=\"text\" value=\"\" aria-invalid=\"false\"><\/div>\n\n<div class=\"form-group rg\"><label class=\"\">RG<\/label><input class=\"wpcf7-form-control wpcf7-text form-control\" name=\"rg\" type=\"text\" value=\"\" aria-invalid=\"false\"><\/div>\n\n<div class=\"form-group profissao\"><label class=\"\">Forma\u00e7\u00e3o<\/label><input class=\"wpcf7-form-control wpcf7-text form-control\" name=\"profissao\" type=\"text\" value=\"\" aria-invalid=\"false\"><\/div>\n\n<div class=\"form-group crea\"><label class=\"\">CREA<\/label><input class=\"wpcf7-form-control wpcf7-text form-control\" name=\"crea\" type=\"text\" value=\"\" aria-invalid=\"false\"><\/div>\n\n<div class=\"form-group endereco\"><label class=\"\">Endere\u00e7o Completo<\/label><input class=\"wpcf7-form-control wpcf7-text form-control\" name=\"endereco\" type=\"text\" value=\"\" aria-invalid=\"false\"><\/div>\n\n<div class=\"form-group cidade\"><label class=\"\">Cidade-Estado<\/label><input class=\"wpcf7-form-control wpcf7-text form-control\" name=\"cidade\" type=\"text\" value=\"\" aria-invalid=\"false\"><\/div>\n\n<div class=\"form-group cep\"><label class=\"\">CEP<\/label><input class=\"wpcf7-form-control wpcf7-text form-control\" name=\"cep\" type=\"text\" value=\"\" aria-invalid=\"false\"><\/div>\n\n<div class=\"form-group celular\"><label class=\"\">Celular<\/label><input class=\"wpcf7-form-control wpcf7-text form-control\" name=\"celular\" type=\"text\" value=\"\" aria-invalid=\"false\"><\/div>\n\n<div class=\"form-group telefone1\"><label class=\"\">Telefone 1<\/label><input class=\"wpcf7-form-control wpcf7-text form-control\" name=\"telefone1\" type=\"text\" value=\"\" aria-invalid=\"false\"><\/div>\n\n<div class=\"form-group telefone2\"><label class=\"\">Telefone 2<\/label><input class=\"wpcf7-form-control wpcf7-text form-control\" name=\"telefone2\" type=\"text\" value=\"\" aria-invalid=\"false\"><\/div>\n\n<div class=\"form-group telefone3\"><label class=\"\">Telefone 3<\/label><input class=\"wpcf7-form-control wpcf7-text form-control\" name=\"telefone3\" type=\"text\" value=\"\" aria-invalid=\"false\"><\/div>\n\n<div class=\"form-group Nacionalidade\"><label class=\"\">Nacionalidade<\/label><input class=\"wpcf7-form-control wpcf7-text form-control\" name=\"Nacionalidade\" type=\"text\" value=\"\" aria-invalid=\"false\"><\/div>\n\n<div class=\"form-group Naturalidade\"><label class=\"\">Naturalidade<\/label><input class=\"wpcf7-form-control wpcf7-text form-control\" name=\"Naturalidade\" type=\"text\" value=\"\" aria-invalid=\"false\"><\/div>\n\n<label>Data de nascimento *<\/label>\n<div class=\"form-group dataniver\"><input class=\"wpcf7-form-control wpcf7-date wpcf7-validates-as-required wpcf7-validates-as-date form-control\" name=\"dataniver\" type=\"date\" value=\"\" min=\"\" max=\"\" step=\"\" aria-invalid=\"false\" aria-required=\"true\" required><\/div>\n\n<div class=\"form-group estadocivil\"><label class=\"\">Estado Civil<\/label><input class=\"wpcf7-form-control wpcf7-text form-control\" name=\"estadocivil\" type=\"text\" value=\"\" aria-invalid=\"false\"><\/div>\n\n<div class=\"form-group conjuge\"><label class=\"\">Nome C\u00f4njuge<\/label><input class=\"wpcf7-form-control wpcf7-text form-control\" name=\"conjuge\" type=\"text\" value=\"\" aria-invalid=\"false\"><\/div>\n\n<div class=\"form-group faculdade\"><label class=\"\">Faculdade de forma\u00e7\u00e3o<\/label><input class=\"wpcf7-form-control wpcf7-text form-control\" name=\"faculdade\" type=\"text\" value=\"\" aria-invalid=\"false\"><\/div>\n\n<div class=\"form-group anoform\"><label class=\"\">Ano de forma\u00e7\u00e3o<\/label><input class=\"wpcf7-form-control wpcf7-number wpcf7-validates-as-number form-control\" name=\"anoform\" type=\"number\" value=\"\" min=\"\" max=\"\" step=\"\" aria-invalid=\"false\"><\/div>\n\n<div class=\"form-group nomemepresa\"><label class=\"\">Nome da empresa<\/label><input class=\"wpcf7-form-control wpcf7-text form-control\" name=\"nomemepresa\" type=\"text\" value=\"\" aria-invalid=\"false\"><\/div>\n\n<div class=\"form-group enderecoempresa\"><label class=\"\">Endere\u00e7o completo da empresa<\/label><input class=\"wpcf7-form-control wpcf7-text form-control\" name=\"enderecoempresa\" type=\"text\" value=\"\" aria-invalid=\"false\"><\/div>\n\n<div class=\"form-group cidadeempresa\"><label class=\"\">Cidade<\/label><input class=\"wpcf7-form-control wpcf7-text form-control\" name=\"cidadeempresa\" type=\"text\" value=\"\" aria-invalid=\"false\"><\/div>\n\n<div class=\"form-group cepempresa\"><label class=\"\">CEP<\/label><input class=\"wpcf7-form-control wpcf7-text form-control\" name=\"cepempresa\" type=\"text\" value=\"\" aria-invalid=\"false\"><\/div>\n\n<div class=\"form-group telefonecom\"><label class=\"\">Telefone Comercial<\/label><input class=\"wpcf7-form-control wpcf7-text form-control\" name=\"telefonecom\" type=\"text\" value=\"\" aria-invalid=\"false\"><\/div>\n\n<div class=\"form-group wpcf7-form-control wpcf7-radio terconvenio\"><label class=\"\" style=\"display:block;\">Deseja ter Conv\u00eanio M\u00e9dico? <span class=\"required\">*<\/span><\/label><div class=\"radio\"><label><input name=\"terconvenio\" type=\"radio\" value=\"Sim\" checked aria-invalid=\"false\" aria-required=\"true\" required>Sim<\/label><\/div><div class=\"radio\"><label><input name=\"terconvenio\" type=\"radio\" value=\"N\u00e3o\" aria-invalid=\"false\" aria-required=\"true\" required>N\u00e3o<\/label><\/div><\/div>\n\n<div class=\"form-group wpcf7-form-control wpcf7-radio qualconvenio\"><label class=\"\" style=\"display:block;\">Qual Conv\u00eanio? <span class=\"required\">*<\/span><\/label><div class=\"radio\"><label><input name=\"qualconvenio\" type=\"radio\" value=\"Nenhum\" checked aria-invalid=\"false\" aria-required=\"true\" required>Nenhum<\/label><\/div><div class=\"radio\"><label><input name=\"qualconvenio\" type=\"radio\" value=\"Santa Casa\" aria-invalid=\"false\" aria-required=\"true\" required>Santa Casa<\/label><\/div><div class=\"radio\"><label><input name=\"qualconvenio\" type=\"radio\" value=\"Unimed\" aria-invalid=\"false\" aria-required=\"true\" required>Unimed<\/label><\/div><\/div>\n\n<div class=\"form-group vidasplano\"><label class=\"\">Quantas vidas no plano?<\/label><input class=\"wpcf7-form-control wpcf7-number wpcf7-validates-as-number form-control\" name=\"vidasplano\" type=\"number\" value=\"\" min=\"\" max=\"\" step=\"\" aria-invalid=\"false\"><\/div>\n\n<div class=\"form-group\"><div><input class=\"wpcf7-form-control wpcf7-submit btn btn-primary\" type=\"submit\" value=\"Enviar\"><\/div><\/div><div class=\"wpcf7-response-output alert alert-warning\"><\/div>\n<\/form>\n<\/div>\n\n","protected":false},"excerpt":{"rendered":"<p>Aten\u00e7\u00e3o associado! Este \u00e9 o primeiro passo para associar-se, depois de preencher o formul\u00e1rio, a secretaria da AEAT ir\u00e1 entrar &#8230;<\/p>\n","protected":false},"author":1,"featured_media":0,"parent":0,"menu_order":0,"comment_status":"open","ping_status":"open","template":"","meta":{"_acf_changed":false,"footnotes":""},"acf":[],"yoast_head":"<!-- This site is optimized with the Yoast SEO plugin v23.1 - https:\/\/yoast.com\/wordpress\/plugins\/seo\/ -->\n<title>Associe-se - AEAT<\/title>\n<meta name=\"robots\" content=\"index, follow, max-snippet:-1, max-image-preview:large, max-video-preview:-1\" \/>\n<link rel=\"canonical\" href=\"https:\/\/aeat.com.br\/aeat\/associe-se\/\" \/>\n<meta property=\"og:locale\" content=\"pt_BR\" \/>\n<meta property=\"og:type\" content=\"article\" \/>\n<meta property=\"og:title\" content=\"Associe-se - AEAT\" \/>\n<meta property=\"og:description\" content=\"Aten\u00e7\u00e3o associado! Este \u00e9 o primeiro passo para associar-se, depois de preencher o formul\u00e1rio, a secretaria da AEAT ir\u00e1 entrar ...\" \/>\n<meta property=\"og:url\" content=\"https:\/\/aeat.com.br\/aeat\/associe-se\/\" \/>\n<meta property=\"og:site_name\" content=\"AEAT\" \/>\n<meta property=\"article:publisher\" content=\"https:\/\/www.facebook.com\/Associa%c3%a7%c3%a3o-dos-Engenheiros-e-Arquitetos-de-Taubat%c3%a9-AEAT-620651287980989\/\" \/>\n<meta property=\"article:modified_time\" content=\"2018-05-23T13:39:36+00:00\" \/>\n<meta name=\"twitter:card\" content=\"summary_large_image\" \/>\n<script type=\"application\/ld+json\" class=\"yoast-schema-graph\">{\"@context\":\"https:\/\/schema.org\",\"@graph\":[{\"@type\":\"WebPage\",\"@id\":\"https:\/\/aeat.com.br\/aeat\/associe-se\/\",\"url\":\"https:\/\/aeat.com.br\/aeat\/associe-se\/\",\"name\":\"Associe-se - AEAT\",\"isPartOf\":{\"@id\":\"https:\/\/aeat.com.br\/aeat\/#website\"},\"datePublished\":\"2017-01-09T19:32:58+00:00\",\"dateModified\":\"2018-05-23T13:39:36+00:00\",\"breadcrumb\":{\"@id\":\"https:\/\/aeat.com.br\/aeat\/associe-se\/#breadcrumb\"},\"inLanguage\":\"pt-BR\",\"potentialAction\":[{\"@type\":\"ReadAction\",\"target\":[\"https:\/\/aeat.com.br\/aeat\/associe-se\/\"]}]},{\"@type\":\"BreadcrumbList\",\"@id\":\"https:\/\/aeat.com.br\/aeat\/associe-se\/#breadcrumb\",\"itemListElement\":[{\"@type\":\"ListItem\",\"position\":1,\"name\":\"Home\",\"item\":\"https:\/\/aeat.com.br\/aeat\/\"},{\"@type\":\"ListItem\",\"position\":2,\"name\":\"Associe-se\"}]},{\"@type\":\"WebSite\",\"@id\":\"https:\/\/aeat.com.br\/aeat\/#website\",\"url\":\"https:\/\/aeat.com.br\/aeat\/\",\"name\":\"AEAT\",\"description\":\"Associa\u00e7\u00e3o dos Engenheiros e Arquitetos de Taubat\u00e9\",\"potentialAction\":[{\"@type\":\"SearchAction\",\"target\":{\"@type\":\"EntryPoint\",\"urlTemplate\":\"https:\/\/aeat.com.br\/aeat\/?s={search_term_string}\"},\"query-input\":\"required name=search_term_string\"}],\"inLanguage\":\"pt-BR\"}]}<\/script>\n<!-- \/ Yoast SEO plugin. -->","yoast_head_json":{"title":"Associe-se - AEAT","robots":{"index":"index","follow":"follow","max-snippet":"max-snippet:-1","max-image-preview":"max-image-preview:large","max-video-preview":"max-video-preview:-1"},"canonical":"https:\/\/aeat.com.br\/aeat\/associe-se\/","og_locale":"pt_BR","og_type":"article","og_title":"Associe-se - AEAT","og_description":"Aten\u00e7\u00e3o associado! Este \u00e9 o primeiro passo para associar-se, depois de preencher o formul\u00e1rio, a secretaria da AEAT ir\u00e1 entrar ...","og_url":"https:\/\/aeat.com.br\/aeat\/associe-se\/","og_site_name":"AEAT","article_publisher":"https:\/\/www.facebook.com\/Associa%c3%a7%c3%a3o-dos-Engenheiros-e-Arquitetos-de-Taubat%c3%a9-AEAT-620651287980989\/","article_modified_time":"2018-05-23T13:39:36+00:00","twitter_card":"summary_large_image","schema":{"@context":"https:\/\/schema.org","@graph":[{"@type":"WebPage","@id":"https:\/\/aeat.com.br\/aeat\/associe-se\/","url":"https:\/\/aeat.com.br\/aeat\/associe-se\/","name":"Associe-se - AEAT","isPartOf":{"@id":"https:\/\/aeat.com.br\/aeat\/#website"},"datePublished":"2017-01-09T19:32:58+00:00","dateModified":"2018-05-23T13:39:36+00:00","breadcrumb":{"@id":"https:\/\/aeat.com.br\/aeat\/associe-se\/#breadcrumb"},"inLanguage":"pt-BR","potentialAction":[{"@type":"ReadAction","target":["https:\/\/aeat.com.br\/aeat\/associe-se\/"]}]},{"@type":"BreadcrumbList","@id":"https:\/\/aeat.com.br\/aeat\/associe-se\/#breadcrumb","itemListElement":[{"@type":"ListItem","position":1,"name":"Home","item":"https:\/\/aeat.com.br\/aeat\/"},{"@type":"ListItem","position":2,"name":"Associe-se"}]},{"@type":"WebSite","@id":"https:\/\/aeat.com.br\/aeat\/#website","url":"https:\/\/aeat.com.br\/aeat\/","name":"AEAT","description":"Associa\u00e7\u00e3o dos Engenheiros e Arquitetos de Taubat\u00e9","potentialAction":[{"@type":"SearchAction","target":{"@type":"EntryPoint","urlTemplate":"https:\/\/aeat.com.br\/aeat\/?s={search_term_string}"},"query-input":"required name=search_term_string"}],"inLanguage":"pt-BR"}]}},"_links":{"self":[{"href":"https:\/\/aeat.com.br\/aeat\/wp-json\/wp\/v2\/pages\/53"}],"collection":[{"href":"https:\/\/aeat.com.br\/aeat\/wp-json\/wp\/v2\/pages"}],"about":[{"href":"https:\/\/aeat.com.br\/aeat\/wp-json\/wp\/v2\/types\/page"}],"author":[{"embeddable":true,"href":"https:\/\/aeat.com.br\/aeat\/wp-json\/wp\/v2\/users\/1"}],"replies":[{"embeddable":true,"href":"https:\/\/aeat.com.br\/aeat\/wp-json\/wp\/v2\/comments?post=53"}],"version-history":[{"count":5,"href":"https:\/\/aeat.com.br\/aeat\/wp-json\/wp\/v2\/pages\/53\/revisions"}],"predecessor-version":[{"id":1147,"href":"https:\/\/aeat.com.br\/aeat\/wp-json\/wp\/v2\/pages\/53\/revisions\/1147"}],"wp:attachment":[{"href":"https:\/\/aeat.com.br\/aeat\/wp-json\/wp\/v2\/media?parent=53"}],"curies":[{"name":"wp","href":"https:\/\/api.w.org\/{rel}","templated":true}]}}