{"id":6321,"date":"2025-09-01T10:44:29","date_gmt":"2025-09-01T10:44:29","guid":{"rendered":"https:\/\/aeat.com.br\/aeat\/?page_id=6321"},"modified":"2025-11-05T11:14:27","modified_gmt":"2025-11-05T11:14:27","slug":"parcerias","status":"publish","type":"page","link":"https:\/\/aeat.com.br\/aeat\/parcerias\/","title":{"rendered":"HOTEL UBATUBA PALACE"},"content":{"rendered":"<p><strong>Benef\u00edcios Exclusivos para Associados AEAT<\/strong><br \/>\nPensando sempre em valorizar e apoiar seus associados, a AEAT firmou parcerias com empresas e profissionais de diferentes \u00e1reas, oferecendo condi\u00e7\u00f5es especiais, descontos e vantagens exclusivas para quem faz parte da nossa associa\u00e7\u00e3o.<\/p>\n<p>S\u00e3o benef\u00edcios que v\u00e3o desde servi\u00e7os voltados \u00e0 sa\u00fade, educa\u00e7\u00e3o, lazer e desenvolvimento profissional, at\u00e9 solu\u00e7\u00f5es pensadas para o dia a dia dos engenheiros, agr\u00f4nomos e profissionais das geoci\u00eancias.<\/p>\n<p><em><strong>Ser associado AEAT \u00e9 ter acesso a uma rede de vantagens constru\u00edda com cuidado, pensando no seu bem-estar e crescimento.<\/strong><\/em><\/p>\n<h3><strong>HOTEL UBATUBA PALACE &#8211; <a href=\"http:\/\/www.ubatubapalace.com.br\">www.ubatubapalace.com.br\u00a0<\/a><\/strong><\/h3>\n<p><img loading=\"lazy\" decoding=\"async\" class=\"alignleft wp-image-6363 img-responsive img-shadow\" src=\"https:\/\/aeat.com.br\/aeat\/wp-content\/uploads\/2025\/10\/WhatsApp-Image-2025-10-13-at-20.45.12-1024x1024.jpeg\" alt=\"\" width=\"277\" height=\"277\" srcset=\"https:\/\/aeat.com.br\/aeat\/wp-content\/uploads\/2025\/10\/WhatsApp-Image-2025-10-13-at-20.45.12-1024x1024.jpeg 1024w, https:\/\/aeat.com.br\/aeat\/wp-content\/uploads\/2025\/10\/WhatsApp-Image-2025-10-13-at-20.45.12-300x300.jpeg 300w, https:\/\/aeat.com.br\/aeat\/wp-content\/uploads\/2025\/10\/WhatsApp-Image-2025-10-13-at-20.45.12-150x150.jpeg 150w, https:\/\/aeat.com.br\/aeat\/wp-content\/uploads\/2025\/10\/WhatsApp-Image-2025-10-13-at-20.45.12-768x768.jpeg 768w, https:\/\/aeat.com.br\/aeat\/wp-content\/uploads\/2025\/10\/WhatsApp-Image-2025-10-13-at-20.45.12.jpeg 1280w\" sizes=\"(max-width: 277px) 100vw, 277px\" \/><\/p>\n<div style=\"text-align: left;\"><em><strong>Para realizar sua reserva:<\/strong><\/em><\/div>\n<div style=\"text-align: left;\"><\/div>\n<div style=\"text-align: left;\">* Apresenta\u00e7\u00e3o dos dados pessoais para verifica\u00e7\u00e3o de associado com a secretaria da AEAT. Em breve, a carteirinha de associado estar\u00e1 dispon\u00edvel.<\/div>\n<div style=\"text-align: left;\">* Realizar reserva somente por WhatsApp (12 997010444) ou (12 997350444) ou e-mail: (reservas@ubatubapalace.com.br)<\/div>\n<div style=\"text-align: left;\">.<\/div>\n<div style=\"text-align: left;\">* 15% de desconto em duas di\u00e1rias<\/div>\n<div style=\"text-align: left;\">* 20% de desconto em tr\u00eas di\u00e1rias ou mais.<\/div>\n<div style=\"text-align: left;\">* + 5% de desconto em pagamento feito no PIX\/DINHEIRO (pagamento de 50% antecipado)<\/div>\n<div style=\"text-align: left;\">&#8211; (OS DESCONTOS N\u00c3O SE APLICAM EM PACOTES DE FERIADOS PROLONGADOS)<\/div>\n<div style=\"text-align: left;\">.<\/div>\n<div style=\"text-align: left;\">* 01 cortesia por apto para crian\u00e7a de at\u00e9 10 anos &#8211; 2\u00b0 crian\u00e7a ou adicional de pessoa (no mesmo apto) + 30% do valor da di\u00e1ria.<\/div>\n<div style=\"text-align: left;\">.<\/div>\n<div style=\"text-align: left;\"><em>Forma de pagamento:\u00a0<\/em><\/div>\n<div style=\"text-align: left;\">&#8211; 30% atrav\u00e9s de deposito banc\u00e1rio e o restante diretamente no hotel<\/div>\n<div style=\"text-align: left;\">&#8211; Total antecipado parcelado no cart\u00e3o de cr\u00e9dito (valor m\u00ednimo por parcela R$ 400,00)<\/div>\n<div style=\"text-align: left;\">.<\/div>\n<div style=\"text-align: left;\"><em>Cancelamento de Reservas<\/em><\/div>\n<div style=\"text-align: left;\">\u2022Cancelamentos realizados com mais de 7 dias de anteced\u00eancia ter\u00e3o reembolso integral.<\/div>\n<div style=\"text-align: left;\">\u2022Cancelamentos feitos entre 7 e 3 dias na Baixa Temporada e entre 10 e 7 dias na Alta Temporada (Dezembro e Janeiro) e Feriados Prolongados; antes da data de check-in ter\u00e3o reembolso de 50% do valor pago.<\/div>\n<div style=\"text-align: left;\">\u2022Cancelamentos com menos de 3 dias Na Baixa Temporada e 5 dias na Alta Temporada (Dezembro e Janeiro) e Feriados Prolongados; de anteced\u00eancia n\u00e3o ter\u00e3o direito a reembolso.<\/div>\n<div style=\"text-align: left;\">.<\/div>\n<div style=\"text-align: left;\"><em>No-Show<\/em><\/div>\n<div style=\"text-align: left;\">\u2022O n\u00e3o comparecimento sem aviso pr\u00e9vio ser\u00e1 tratado como cancelamento sem reembolso.<\/div>\n<div style=\"text-align: left;\">.<\/div>\n<div style=\"text-align: left;\"><em>Documenta\u00e7\u00e3o menor de 18 anos<\/em><\/div>\n<div style=\"text-align: left;\">\u2022 Por favor, pedimos por gentileza que tragam os documentos das crian\u00e7as menores de 18 anos<\/div>\n<div style=\"text-align: left;\">*Foi decretada uma Lei n\u00b0 12.038 que os Hot\u00e9is s\u00e3o obrigados a solicitar a documenta\u00e7\u00e3o de crian\u00e7as menores de 18 anos ou se n\u00e3o tiverem acompanhadas dos pais al\u00e9m da documenta\u00e7\u00e3o da crian\u00e7a uma autoriza\u00e7\u00e3o reconhecida pelo cart\u00f3rio dos pr\u00f3prios pais autorizando a viagem.<\/div>\n","protected":false},"excerpt":{"rendered":"<p>Benef\u00edcios Exclusivos para Associados AEAT<br \/>\nPensando sempre em valorizar e apoiar seus associados, a AEAT firmou parcerias com empresas e profissionais &#8230;<\/p>\n","protected":false},"author":2,"featured_media":0,"parent":0,"menu_order":0,"comment_status":"closed","ping_status":"closed","template":"","meta":{"_acf_changed":false,"footnotes":""},"acf":[],"yoast_head":"<!-- This site is optimized with the Yoast SEO plugin v23.1 - https:\/\/yoast.com\/wordpress\/plugins\/seo\/ -->\n<title>HOTEL UBATUBA PALACE - AEAT<\/title>\n<meta name=\"robots\" content=\"index, follow, max-snippet:-1, max-image-preview:large, max-video-preview:-1\" \/>\n<link rel=\"canonical\" href=\"https:\/\/aeat.com.br\/aeat\/parcerias\/\" \/>\n<meta property=\"og:locale\" content=\"pt_BR\" \/>\n<meta property=\"og:type\" content=\"article\" \/>\n<meta property=\"og:title\" content=\"HOTEL UBATUBA PALACE - AEAT\" \/>\n<meta property=\"og:description\" content=\"Benef\u00edcios Exclusivos para Associados AEAT Pensando sempre em valorizar e apoiar seus associados, a AEAT firmou parcerias com empresas e profissionais ...\" \/>\n<meta property=\"og:url\" content=\"https:\/\/aeat.com.br\/aeat\/parcerias\/\" \/>\n<meta property=\"og:site_name\" content=\"AEAT\" \/>\n<meta property=\"article:publisher\" content=\"https:\/\/www.facebook.com\/Associa%c3%a7%c3%a3o-dos-Engenheiros-e-Arquitetos-de-Taubat%c3%a9-AEAT-620651287980989\/\" \/>\n<meta property=\"article:modified_time\" content=\"2025-11-05T11:14:27+00:00\" \/>\n<meta property=\"og:image\" content=\"https:\/\/aeat.com.br\/aeat\/wp-content\/uploads\/2025\/10\/WhatsApp-Image-2025-10-13-at-20.45.12-1024x1024.jpeg\" \/>\n<meta name=\"twitter:card\" content=\"summary_large_image\" \/>\n<meta name=\"twitter:label1\" content=\"Est. tempo de leitura\" \/>\n\t<meta name=\"twitter:data1\" content=\"3 minutos\" \/>\n<script type=\"application\/ld+json\" class=\"yoast-schema-graph\">{\"@context\":\"https:\/\/schema.org\",\"@graph\":[{\"@type\":\"WebPage\",\"@id\":\"https:\/\/aeat.com.br\/aeat\/parcerias\/\",\"url\":\"https:\/\/aeat.com.br\/aeat\/parcerias\/\",\"name\":\"HOTEL UBATUBA PALACE - AEAT\",\"isPartOf\":{\"@id\":\"https:\/\/aeat.com.br\/aeat\/#website\"},\"primaryImageOfPage\":{\"@id\":\"https:\/\/aeat.com.br\/aeat\/parcerias\/#primaryimage\"},\"image\":{\"@id\":\"https:\/\/aeat.com.br\/aeat\/parcerias\/#primaryimage\"},\"thumbnailUrl\":\"https:\/\/aeat.com.br\/aeat\/wp-content\/uploads\/2025\/10\/WhatsApp-Image-2025-10-13-at-20.45.12-1024x1024.jpeg\",\"datePublished\":\"2025-09-01T10:44:29+00:00\",\"dateModified\":\"2025-11-05T11:14:27+00:00\",\"breadcrumb\":{\"@id\":\"https:\/\/aeat.com.br\/aeat\/parcerias\/#breadcrumb\"},\"inLanguage\":\"pt-BR\",\"potentialAction\":[{\"@type\":\"ReadAction\",\"target\":[\"https:\/\/aeat.com.br\/aeat\/parcerias\/\"]}]},{\"@type\":\"ImageObject\",\"inLanguage\":\"pt-BR\",\"@id\":\"https:\/\/aeat.com.br\/aeat\/parcerias\/#primaryimage\",\"url\":\"https:\/\/aeat.com.br\/aeat\/wp-content\/uploads\/2025\/10\/WhatsApp-Image-2025-10-13-at-20.45.12.jpeg\",\"contentUrl\":\"https:\/\/aeat.com.br\/aeat\/wp-content\/uploads\/2025\/10\/WhatsApp-Image-2025-10-13-at-20.45.12.jpeg\",\"width\":1280,\"height\":1280},{\"@type\":\"BreadcrumbList\",\"@id\":\"https:\/\/aeat.com.br\/aeat\/parcerias\/#breadcrumb\",\"itemListElement\":[{\"@type\":\"ListItem\",\"position\":1,\"name\":\"Home\",\"item\":\"https:\/\/aeat.com.br\/aeat\/\"},{\"@type\":\"ListItem\",\"position\":2,\"name\":\"HOTEL UBATUBA PALACE\"}]},{\"@type\":\"WebSite\",\"@id\":\"https:\/\/aeat.com.br\/aeat\/#website\",\"url\":\"https:\/\/aeat.com.br\/aeat\/\",\"name\":\"AEAT\",\"description\":\"Associa\u00e7\u00e3o dos Engenheiros e Arquitetos de Taubat\u00e9\",\"potentialAction\":[{\"@type\":\"SearchAction\",\"target\":{\"@type\":\"EntryPoint\",\"urlTemplate\":\"https:\/\/aeat.com.br\/aeat\/?s={search_term_string}\"},\"query-input\":\"required name=search_term_string\"}],\"inLanguage\":\"pt-BR\"}]}<\/script>\n<!-- \/ Yoast SEO plugin. -->","yoast_head_json":{"title":"HOTEL UBATUBA PALACE - AEAT","robots":{"index":"index","follow":"follow","max-snippet":"max-snippet:-1","max-image-preview":"max-image-preview:large","max-video-preview":"max-video-preview:-1"},"canonical":"https:\/\/aeat.com.br\/aeat\/parcerias\/","og_locale":"pt_BR","og_type":"article","og_title":"HOTEL UBATUBA PALACE - AEAT","og_description":"Benef\u00edcios Exclusivos para Associados AEAT Pensando sempre em valorizar e apoiar seus associados, a AEAT firmou parcerias com empresas e profissionais ...","og_url":"https:\/\/aeat.com.br\/aeat\/parcerias\/","og_site_name":"AEAT","article_publisher":"https:\/\/www.facebook.com\/Associa%c3%a7%c3%a3o-dos-Engenheiros-e-Arquitetos-de-Taubat%c3%a9-AEAT-620651287980989\/","article_modified_time":"2025-11-05T11:14:27+00:00","og_image":[{"url":"https:\/\/aeat.com.br\/aeat\/wp-content\/uploads\/2025\/10\/WhatsApp-Image-2025-10-13-at-20.45.12-1024x1024.jpeg"}],"twitter_card":"summary_large_image","twitter_misc":{"Est. tempo de leitura":"3 minutos"},"schema":{"@context":"https:\/\/schema.org","@graph":[{"@type":"WebPage","@id":"https:\/\/aeat.com.br\/aeat\/parcerias\/","url":"https:\/\/aeat.com.br\/aeat\/parcerias\/","name":"HOTEL UBATUBA PALACE - AEAT","isPartOf":{"@id":"https:\/\/aeat.com.br\/aeat\/#website"},"primaryImageOfPage":{"@id":"https:\/\/aeat.com.br\/aeat\/parcerias\/#primaryimage"},"image":{"@id":"https:\/\/aeat.com.br\/aeat\/parcerias\/#primaryimage"},"thumbnailUrl":"https:\/\/aeat.com.br\/aeat\/wp-content\/uploads\/2025\/10\/WhatsApp-Image-2025-10-13-at-20.45.12-1024x1024.jpeg","datePublished":"2025-09-01T10:44:29+00:00","dateModified":"2025-11-05T11:14:27+00:00","breadcrumb":{"@id":"https:\/\/aeat.com.br\/aeat\/parcerias\/#breadcrumb"},"inLanguage":"pt-BR","potentialAction":[{"@type":"ReadAction","target":["https:\/\/aeat.com.br\/aeat\/parcerias\/"]}]},{"@type":"ImageObject","inLanguage":"pt-BR","@id":"https:\/\/aeat.com.br\/aeat\/parcerias\/#primaryimage","url":"https:\/\/aeat.com.br\/aeat\/wp-content\/uploads\/2025\/10\/WhatsApp-Image-2025-10-13-at-20.45.12.jpeg","contentUrl":"https:\/\/aeat.com.br\/aeat\/wp-content\/uploads\/2025\/10\/WhatsApp-Image-2025-10-13-at-20.45.12.jpeg","width":1280,"height":1280},{"@type":"BreadcrumbList","@id":"https:\/\/aeat.com.br\/aeat\/parcerias\/#breadcrumb","itemListElement":[{"@type":"ListItem","position":1,"name":"Home","item":"https:\/\/aeat.com.br\/aeat\/"},{"@type":"ListItem","position":2,"name":"HOTEL UBATUBA PALACE"}]},{"@type":"WebSite","@id":"https:\/\/aeat.com.br\/aeat\/#website","url":"https:\/\/aeat.com.br\/aeat\/","name":"AEAT","description":"Associa\u00e7\u00e3o dos Engenheiros e Arquitetos de Taubat\u00e9","potentialAction":[{"@type":"SearchAction","target":{"@type":"EntryPoint","urlTemplate":"https:\/\/aeat.com.br\/aeat\/?s={search_term_string}"},"query-input":"required name=search_term_string"}],"inLanguage":"pt-BR"}]}},"_links":{"self":[{"href":"https:\/\/aeat.com.br\/aeat\/wp-json\/wp\/v2\/pages\/6321"}],"collection":[{"href":"https:\/\/aeat.com.br\/aeat\/wp-json\/wp\/v2\/pages"}],"about":[{"href":"https:\/\/aeat.com.br\/aeat\/wp-json\/wp\/v2\/types\/page"}],"author":[{"embeddable":true,"href":"https:\/\/aeat.com.br\/aeat\/wp-json\/wp\/v2\/users\/2"}],"replies":[{"embeddable":true,"href":"https:\/\/aeat.com.br\/aeat\/wp-json\/wp\/v2\/comments?post=6321"}],"version-history":[{"count":7,"href":"https:\/\/aeat.com.br\/aeat\/wp-json\/wp\/v2\/pages\/6321\/revisions"}],"predecessor-version":[{"id":6406,"href":"https:\/\/aeat.com.br\/aeat\/wp-json\/wp\/v2\/pages\/6321\/revisions\/6406"}],"wp:attachment":[{"href":"https:\/\/aeat.com.br\/aeat\/wp-json\/wp\/v2\/media?parent=6321"}],"curies":[{"name":"wp","href":"https:\/\/api.w.org\/{rel}","templated":true}]}}