{"id":6411,"date":"2025-11-05T06:20:36","date_gmt":"2025-11-05T06:20:36","guid":{"rendered":"https:\/\/aeat.com.br\/aeat\/?page_id=6411"},"modified":"2025-11-05T11:38:48","modified_gmt":"2025-11-05T11:38:48","slug":"pousada-lessence-paraty","status":"publish","type":"page","link":"https:\/\/aeat.com.br\/aeat\/pousada-lessence-paraty\/","title":{"rendered":"POUSADA L&#8217;ESSENCE PARATY"},"content":{"rendered":"<p><strong>Benef\u00edcios Exclusivos para Associados AEAT<\/strong><br \/>\nPensando sempre em valorizar e apoiar seus associados, a AEAT firmou parcerias com empresas e profissionais de diferentes \u00e1reas, oferecendo condi\u00e7\u00f5es especiais, descontos e vantagens exclusivas para quem faz parte da nossa associa\u00e7\u00e3o.<\/p>\n<p>S\u00e3o benef\u00edcios que v\u00e3o desde servi\u00e7os voltados \u00e0 sa\u00fade, educa\u00e7\u00e3o, lazer e desenvolvimento profissional, at\u00e9 solu\u00e7\u00f5es pensadas para o dia a dia dos engenheiros, agr\u00f4nomos e profissionais das geoci\u00eancias.<\/p>\n<p><em><strong>Ser associado AEAT \u00e9 ter acesso a uma rede de vantagens constru\u00edda com cuidado, pensando no seu bem-estar e crescimento.<\/strong><\/em><\/p>\n<p><img loading=\"lazy\" decoding=\"async\" class=\"wp-image-6412 aligncenter img-responsive img-shadow\" src=\"https:\/\/aeat.com.br\/aeat\/wp-content\/uploads\/2025\/11\/Pousada.png\" alt=\"\" width=\"650\" height=\"330\" srcset=\"https:\/\/aeat.com.br\/aeat\/wp-content\/uploads\/2025\/11\/Pousada.png 1004w, https:\/\/aeat.com.br\/aeat\/wp-content\/uploads\/2025\/11\/Pousada-300x152.png 300w, https:\/\/aeat.com.br\/aeat\/wp-content\/uploads\/2025\/11\/Pousada-768x390.png 768w\" sizes=\"(max-width: 650px) 100vw, 650px\" \/><\/p>\n<p style=\"text-align: center;\">5% de desconto em pagamento no cart\u00e3o de cr\u00e9dito e 10% de desconto no pagamento em PIX. Exceto em feriados e datas festivas de Paraty.<\/p>\n<p>Acesse o site:\u00a0<strong><a href=\"https:\/\/pousadalessence.com.br\/\">https:\/\/pousadalessence.com.br\/<\/a><\/strong><\/p>\n<p>Contatos: (24) 3038-1626 \/ (24) 99214-5491 \/ (24) 97404-8358<\/p>\n","protected":false},"excerpt":{"rendered":"<p>Benef\u00edcios Exclusivos para Associados AEAT<br \/>\nPensando sempre em valorizar e apoiar seus associados, a AEAT firmou parcerias com empresas e profissionais &#8230;<\/p>\n","protected":false},"author":2,"featured_media":0,"parent":0,"menu_order":0,"comment_status":"closed","ping_status":"closed","template":"","meta":{"_acf_changed":false,"footnotes":""},"acf":[],"yoast_head":"<!-- This site is optimized with the Yoast SEO plugin v23.1 - https:\/\/yoast.com\/wordpress\/plugins\/seo\/ -->\n<title>POUSADA L&#039;ESSENCE PARATY - AEAT<\/title>\n<meta name=\"robots\" content=\"index, follow, max-snippet:-1, max-image-preview:large, max-video-preview:-1\" \/>\n<link rel=\"canonical\" href=\"https:\/\/aeat.com.br\/aeat\/pousada-lessence-paraty\/\" \/>\n<meta property=\"og:locale\" content=\"pt_BR\" \/>\n<meta property=\"og:type\" content=\"article\" \/>\n<meta property=\"og:title\" content=\"POUSADA L&#039;ESSENCE PARATY - AEAT\" \/>\n<meta property=\"og:description\" content=\"Benef\u00edcios Exclusivos para Associados AEAT Pensando sempre em valorizar e apoiar seus associados, a AEAT firmou parcerias com empresas e profissionais ...\" \/>\n<meta property=\"og:url\" content=\"https:\/\/aeat.com.br\/aeat\/pousada-lessence-paraty\/\" \/>\n<meta property=\"og:site_name\" content=\"AEAT\" \/>\n<meta property=\"article:publisher\" content=\"https:\/\/www.facebook.com\/Associa%c3%a7%c3%a3o-dos-Engenheiros-e-Arquitetos-de-Taubat%c3%a9-AEAT-620651287980989\/\" \/>\n<meta property=\"article:modified_time\" content=\"2025-11-05T11:38:48+00:00\" \/>\n<meta property=\"og:image\" content=\"https:\/\/aeat.com.br\/aeat\/wp-content\/uploads\/2025\/11\/Pousada.png\" \/>\n<meta name=\"twitter:card\" content=\"summary_large_image\" \/>\n<meta name=\"twitter:label1\" content=\"Est. tempo de leitura\" \/>\n\t<meta name=\"twitter:data1\" content=\"1 minuto\" \/>\n<script type=\"application\/ld+json\" class=\"yoast-schema-graph\">{\"@context\":\"https:\/\/schema.org\",\"@graph\":[{\"@type\":\"WebPage\",\"@id\":\"https:\/\/aeat.com.br\/aeat\/pousada-lessence-paraty\/\",\"url\":\"https:\/\/aeat.com.br\/aeat\/pousada-lessence-paraty\/\",\"name\":\"POUSADA L'ESSENCE PARATY - AEAT\",\"isPartOf\":{\"@id\":\"https:\/\/aeat.com.br\/aeat\/#website\"},\"primaryImageOfPage\":{\"@id\":\"https:\/\/aeat.com.br\/aeat\/pousada-lessence-paraty\/#primaryimage\"},\"image\":{\"@id\":\"https:\/\/aeat.com.br\/aeat\/pousada-lessence-paraty\/#primaryimage\"},\"thumbnailUrl\":\"https:\/\/aeat.com.br\/aeat\/wp-content\/uploads\/2025\/11\/Pousada.png\",\"datePublished\":\"2025-11-05T06:20:36+00:00\",\"dateModified\":\"2025-11-05T11:38:48+00:00\",\"breadcrumb\":{\"@id\":\"https:\/\/aeat.com.br\/aeat\/pousada-lessence-paraty\/#breadcrumb\"},\"inLanguage\":\"pt-BR\",\"potentialAction\":[{\"@type\":\"ReadAction\",\"target\":[\"https:\/\/aeat.com.br\/aeat\/pousada-lessence-paraty\/\"]}]},{\"@type\":\"ImageObject\",\"inLanguage\":\"pt-BR\",\"@id\":\"https:\/\/aeat.com.br\/aeat\/pousada-lessence-paraty\/#primaryimage\",\"url\":\"https:\/\/aeat.com.br\/aeat\/wp-content\/uploads\/2025\/11\/Pousada.png\",\"contentUrl\":\"https:\/\/aeat.com.br\/aeat\/wp-content\/uploads\/2025\/11\/Pousada.png\",\"width\":1004,\"height\":510},{\"@type\":\"BreadcrumbList\",\"@id\":\"https:\/\/aeat.com.br\/aeat\/pousada-lessence-paraty\/#breadcrumb\",\"itemListElement\":[{\"@type\":\"ListItem\",\"position\":1,\"name\":\"Home\",\"item\":\"https:\/\/aeat.com.br\/aeat\/\"},{\"@type\":\"ListItem\",\"position\":2,\"name\":\"POUSADA L&#8217;ESSENCE PARATY\"}]},{\"@type\":\"WebSite\",\"@id\":\"https:\/\/aeat.com.br\/aeat\/#website\",\"url\":\"https:\/\/aeat.com.br\/aeat\/\",\"name\":\"AEAT\",\"description\":\"Associa\u00e7\u00e3o dos Engenheiros e Arquitetos de Taubat\u00e9\",\"potentialAction\":[{\"@type\":\"SearchAction\",\"target\":{\"@type\":\"EntryPoint\",\"urlTemplate\":\"https:\/\/aeat.com.br\/aeat\/?s={search_term_string}\"},\"query-input\":\"required name=search_term_string\"}],\"inLanguage\":\"pt-BR\"}]}<\/script>\n<!-- \/ Yoast SEO plugin. -->","yoast_head_json":{"title":"POUSADA L'ESSENCE PARATY - AEAT","robots":{"index":"index","follow":"follow","max-snippet":"max-snippet:-1","max-image-preview":"max-image-preview:large","max-video-preview":"max-video-preview:-1"},"canonical":"https:\/\/aeat.com.br\/aeat\/pousada-lessence-paraty\/","og_locale":"pt_BR","og_type":"article","og_title":"POUSADA L'ESSENCE PARATY - AEAT","og_description":"Benef\u00edcios Exclusivos para Associados AEAT Pensando sempre em valorizar e apoiar seus associados, a AEAT firmou parcerias com empresas e profissionais ...","og_url":"https:\/\/aeat.com.br\/aeat\/pousada-lessence-paraty\/","og_site_name":"AEAT","article_publisher":"https:\/\/www.facebook.com\/Associa%c3%a7%c3%a3o-dos-Engenheiros-e-Arquitetos-de-Taubat%c3%a9-AEAT-620651287980989\/","article_modified_time":"2025-11-05T11:38:48+00:00","og_image":[{"url":"https:\/\/aeat.com.br\/aeat\/wp-content\/uploads\/2025\/11\/Pousada.png"}],"twitter_card":"summary_large_image","twitter_misc":{"Est. tempo de leitura":"1 minuto"},"schema":{"@context":"https:\/\/schema.org","@graph":[{"@type":"WebPage","@id":"https:\/\/aeat.com.br\/aeat\/pousada-lessence-paraty\/","url":"https:\/\/aeat.com.br\/aeat\/pousada-lessence-paraty\/","name":"POUSADA L'ESSENCE PARATY - AEAT","isPartOf":{"@id":"https:\/\/aeat.com.br\/aeat\/#website"},"primaryImageOfPage":{"@id":"https:\/\/aeat.com.br\/aeat\/pousada-lessence-paraty\/#primaryimage"},"image":{"@id":"https:\/\/aeat.com.br\/aeat\/pousada-lessence-paraty\/#primaryimage"},"thumbnailUrl":"https:\/\/aeat.com.br\/aeat\/wp-content\/uploads\/2025\/11\/Pousada.png","datePublished":"2025-11-05T06:20:36+00:00","dateModified":"2025-11-05T11:38:48+00:00","breadcrumb":{"@id":"https:\/\/aeat.com.br\/aeat\/pousada-lessence-paraty\/#breadcrumb"},"inLanguage":"pt-BR","potentialAction":[{"@type":"ReadAction","target":["https:\/\/aeat.com.br\/aeat\/pousada-lessence-paraty\/"]}]},{"@type":"ImageObject","inLanguage":"pt-BR","@id":"https:\/\/aeat.com.br\/aeat\/pousada-lessence-paraty\/#primaryimage","url":"https:\/\/aeat.com.br\/aeat\/wp-content\/uploads\/2025\/11\/Pousada.png","contentUrl":"https:\/\/aeat.com.br\/aeat\/wp-content\/uploads\/2025\/11\/Pousada.png","width":1004,"height":510},{"@type":"BreadcrumbList","@id":"https:\/\/aeat.com.br\/aeat\/pousada-lessence-paraty\/#breadcrumb","itemListElement":[{"@type":"ListItem","position":1,"name":"Home","item":"https:\/\/aeat.com.br\/aeat\/"},{"@type":"ListItem","position":2,"name":"POUSADA L&#8217;ESSENCE PARATY"}]},{"@type":"WebSite","@id":"https:\/\/aeat.com.br\/aeat\/#website","url":"https:\/\/aeat.com.br\/aeat\/","name":"AEAT","description":"Associa\u00e7\u00e3o dos Engenheiros e Arquitetos de Taubat\u00e9","potentialAction":[{"@type":"SearchAction","target":{"@type":"EntryPoint","urlTemplate":"https:\/\/aeat.com.br\/aeat\/?s={search_term_string}"},"query-input":"required name=search_term_string"}],"inLanguage":"pt-BR"}]}},"_links":{"self":[{"href":"https:\/\/aeat.com.br\/aeat\/wp-json\/wp\/v2\/pages\/6411"}],"collection":[{"href":"https:\/\/aeat.com.br\/aeat\/wp-json\/wp\/v2\/pages"}],"about":[{"href":"https:\/\/aeat.com.br\/aeat\/wp-json\/wp\/v2\/types\/page"}],"author":[{"embeddable":true,"href":"https:\/\/aeat.com.br\/aeat\/wp-json\/wp\/v2\/users\/2"}],"replies":[{"embeddable":true,"href":"https:\/\/aeat.com.br\/aeat\/wp-json\/wp\/v2\/comments?post=6411"}],"version-history":[{"count":1,"href":"https:\/\/aeat.com.br\/aeat\/wp-json\/wp\/v2\/pages\/6411\/revisions"}],"predecessor-version":[{"id":6413,"href":"https:\/\/aeat.com.br\/aeat\/wp-json\/wp\/v2\/pages\/6411\/revisions\/6413"}],"wp:attachment":[{"href":"https:\/\/aeat.com.br\/aeat\/wp-json\/wp\/v2\/media?parent=6411"}],"curies":[{"name":"wp","href":"https:\/\/api.w.org\/{rel}","templated":true}]}}