{"id":6546,"date":"2025-12-16T07:27:20","date_gmt":"2025-12-16T07:27:20","guid":{"rendered":"https:\/\/aeat.com.br\/aeat\/?page_id=6546"},"modified":"2025-12-16T12:59:09","modified_gmt":"2025-12-16T12:59:09","slug":"escola-kumon","status":"publish","type":"page","link":"https:\/\/aeat.com.br\/aeat\/escola-kumon\/","title":{"rendered":"Escola KUMON"},"content":{"rendered":"<p><img loading=\"lazy\" decoding=\"async\" class=\"aligncenter wp-image-6547 img-responsive img-shadow\" src=\"https:\/\/aeat.com.br\/aeat\/wp-content\/uploads\/2025\/12\/franquia-kumon-logo.jpg\" alt=\"\" width=\"350\" height=\"196\" srcset=\"https:\/\/aeat.com.br\/aeat\/wp-content\/uploads\/2025\/12\/franquia-kumon-logo.jpg 820w, https:\/\/aeat.com.br\/aeat\/wp-content\/uploads\/2025\/12\/franquia-kumon-logo-300x168.jpg 300w, https:\/\/aeat.com.br\/aeat\/wp-content\/uploads\/2025\/12\/franquia-kumon-logo-768x431.jpg 768w\" sizes=\"(max-width: 350px) 100vw, 350px\" \/><\/p>\n<p>Kumon\u00a0\u00e9 um\u00a0m\u00e9todo de estudo individualizado, criado no Jap\u00e3o, focado em desenvolver a autonomia, disciplina e racioc\u00ednio l\u00f3gico do aluno em Matem\u00e1tica, Portugu\u00eas e Ingl\u00eas, atrav\u00e9s de material did\u00e1tico exclusivo e avan\u00e7o progressivo por meio de exerc\u00edcios di\u00e1rios, com o objetivo de formar autodidatas capazes de aprender por si mesmos.<\/p>\n<p><strong>Benef\u00edcios para associados AEAT:\u00a0Isen\u00e7\u00e3o de matricula e 10 % de desconto nas mensalidades<\/strong><\/p>\n<p>Unidades em Taubat\u00e9\/Trememb\u00e9:<\/p>\n<ul>\n<li>Clique nas imagens e fale direto com o WhatsApp da unidade!<\/li>\n<\/ul>\n<p><a href=\"https:\/\/wa.me\/5512982085678\"><img loading=\"lazy\" decoding=\"async\" class=\"aligncenter wp-image-6553 img-responsive img-shadow\" src=\"https:\/\/aeat.com.br\/aeat\/wp-content\/uploads\/2025\/12\/WhatsApp-Image-2025-12-11-at-16.40.08.jpeg\" alt=\"\" width=\"400\" height=\"245\" srcset=\"https:\/\/aeat.com.br\/aeat\/wp-content\/uploads\/2025\/12\/WhatsApp-Image-2025-12-11-at-16.40.08.jpeg 711w, https:\/\/aeat.com.br\/aeat\/wp-content\/uploads\/2025\/12\/WhatsApp-Image-2025-12-11-at-16.40.08-300x184.jpeg 300w\" sizes=\"(max-width: 400px) 100vw, 400px\" \/><\/a><\/p>\n<p><a href=\"https:\/\/wa.me\/5512988842542\"><img loading=\"lazy\" decoding=\"async\" class=\"aligncenter wp-image-6548 img-responsive img-shadow\" src=\"https:\/\/aeat.com.br\/aeat\/wp-content\/uploads\/2025\/12\/WhatsApp-Image-2025-12-11-at-16.40.58-1.jpeg\" alt=\"\" width=\"400\" height=\"213\" srcset=\"https:\/\/aeat.com.br\/aeat\/wp-content\/uploads\/2025\/12\/WhatsApp-Image-2025-12-11-at-16.40.58-1.jpeg 702w, https:\/\/aeat.com.br\/aeat\/wp-content\/uploads\/2025\/12\/WhatsApp-Image-2025-12-11-at-16.40.58-1-300x159.jpeg 300w\" sizes=\"(max-width: 400px) 100vw, 400px\" \/><\/a><\/p>\n<p><a href=\"https:\/\/wa.me\/5512997700703\"><img loading=\"lazy\" decoding=\"async\" class=\"aligncenter wp-image-6550 img-responsive img-shadow\" src=\"https:\/\/aeat.com.br\/aeat\/wp-content\/uploads\/2025\/12\/WhatsApp-Image-2025-12-11-at-16.40.57.jpeg\" alt=\"\" width=\"400\" height=\"212\" srcset=\"https:\/\/aeat.com.br\/aeat\/wp-content\/uploads\/2025\/12\/WhatsApp-Image-2025-12-11-at-16.40.57.jpeg 727w, https:\/\/aeat.com.br\/aeat\/wp-content\/uploads\/2025\/12\/WhatsApp-Image-2025-12-11-at-16.40.57-300x159.jpeg 300w\" sizes=\"(max-width: 400px) 100vw, 400px\" \/><\/a><\/p>\n<p><a href=\"https:\/\/wa.me\/5512981403094\"><img loading=\"lazy\" decoding=\"async\" class=\"aligncenter wp-image-6551 img-responsive img-shadow\" src=\"https:\/\/aeat.com.br\/aeat\/wp-content\/uploads\/2025\/12\/WhatsApp-Image-2025-12-11-at-16.40.56-1.jpeg\" alt=\"\" width=\"400\" height=\"226\" srcset=\"https:\/\/aeat.com.br\/aeat\/wp-content\/uploads\/2025\/12\/WhatsApp-Image-2025-12-11-at-16.40.56-1.jpeg 708w, https:\/\/aeat.com.br\/aeat\/wp-content\/uploads\/2025\/12\/WhatsApp-Image-2025-12-11-at-16.40.56-1-300x169.jpeg 300w\" sizes=\"(max-width: 400px) 100vw, 400px\" \/><\/a><\/p>\n<p><a href=\"https:\/\/wa.me\/5512981189050\"><img loading=\"lazy\" decoding=\"async\" class=\"aligncenter wp-image-6552 img-responsive img-shadow\" src=\"https:\/\/aeat.com.br\/aeat\/wp-content\/uploads\/2025\/12\/WhatsApp-Image-2025-12-11-at-16.40.56.jpeg\" alt=\"\" width=\"400\" height=\"234\" srcset=\"https:\/\/aeat.com.br\/aeat\/wp-content\/uploads\/2025\/12\/WhatsApp-Image-2025-12-11-at-16.40.56.jpeg 723w, https:\/\/aeat.com.br\/aeat\/wp-content\/uploads\/2025\/12\/WhatsApp-Image-2025-12-11-at-16.40.56-300x176.jpeg 300w\" sizes=\"(max-width: 400px) 100vw, 400px\" \/><\/a><\/p>\n<p><img loading=\"lazy\" decoding=\"async\" class=\"aligncenter wp-image-6549 img-responsive img-shadow\" src=\"https:\/\/aeat.com.br\/aeat\/wp-content\/uploads\/2025\/12\/WhatsApp-Image-2025-12-11-at-16.40.58.jpeg\" alt=\"\" width=\"400\" height=\"233\" srcset=\"https:\/\/aeat.com.br\/aeat\/wp-content\/uploads\/2025\/12\/WhatsApp-Image-2025-12-11-at-16.40.58.jpeg 708w, https:\/\/aeat.com.br\/aeat\/wp-content\/uploads\/2025\/12\/WhatsApp-Image-2025-12-11-at-16.40.58-300x175.jpeg 300w\" sizes=\"(max-width: 400px) 100vw, 400px\" \/><\/p>\n<p>&nbsp;<\/p>\n<p>&nbsp;<\/p>\n<p>&nbsp;<\/p>\n","protected":false},"excerpt":{"rendered":"<p>Kumon\u00a0\u00e9 um\u00a0m\u00e9todo de estudo individualizado, criado no Jap\u00e3o, focado em desenvolver a autonomia, disciplina e racioc\u00ednio l\u00f3gico do aluno em &#8230;<\/p>\n","protected":false},"author":2,"featured_media":0,"parent":0,"menu_order":0,"comment_status":"closed","ping_status":"closed","template":"","meta":{"_acf_changed":false,"footnotes":""},"acf":[],"yoast_head":"<!-- This site is optimized with the Yoast SEO plugin v23.1 - https:\/\/yoast.com\/wordpress\/plugins\/seo\/ -->\n<title>Escola KUMON - AEAT<\/title>\n<meta name=\"robots\" content=\"index, follow, max-snippet:-1, max-image-preview:large, max-video-preview:-1\" \/>\n<link rel=\"canonical\" href=\"https:\/\/aeat.com.br\/aeat\/escola-kumon\/\" \/>\n<meta property=\"og:locale\" content=\"pt_BR\" \/>\n<meta property=\"og:type\" content=\"article\" \/>\n<meta property=\"og:title\" content=\"Escola KUMON - AEAT\" \/>\n<meta property=\"og:description\" content=\"Kumon\u00a0\u00e9 um\u00a0m\u00e9todo de estudo individualizado, criado no Jap\u00e3o, focado em desenvolver a autonomia, disciplina e racioc\u00ednio l\u00f3gico do aluno em ...\" \/>\n<meta property=\"og:url\" content=\"https:\/\/aeat.com.br\/aeat\/escola-kumon\/\" \/>\n<meta property=\"og:site_name\" content=\"AEAT\" \/>\n<meta property=\"article:publisher\" content=\"https:\/\/www.facebook.com\/Associa%c3%a7%c3%a3o-dos-Engenheiros-e-Arquitetos-de-Taubat%c3%a9-AEAT-620651287980989\/\" \/>\n<meta property=\"article:modified_time\" content=\"2025-12-16T12:59:09+00:00\" \/>\n<meta property=\"og:image\" content=\"https:\/\/aeat.com.br\/aeat\/wp-content\/uploads\/2025\/12\/franquia-kumon-logo.jpg\" \/>\n<meta name=\"twitter:card\" content=\"summary_large_image\" \/>\n<meta name=\"twitter:label1\" content=\"Est. tempo de leitura\" \/>\n\t<meta name=\"twitter:data1\" content=\"2 minutos\" \/>\n<script type=\"application\/ld+json\" class=\"yoast-schema-graph\">{\"@context\":\"https:\/\/schema.org\",\"@graph\":[{\"@type\":\"WebPage\",\"@id\":\"https:\/\/aeat.com.br\/aeat\/escola-kumon\/\",\"url\":\"https:\/\/aeat.com.br\/aeat\/escola-kumon\/\",\"name\":\"Escola KUMON - AEAT\",\"isPartOf\":{\"@id\":\"https:\/\/aeat.com.br\/aeat\/#website\"},\"primaryImageOfPage\":{\"@id\":\"https:\/\/aeat.com.br\/aeat\/escola-kumon\/#primaryimage\"},\"image\":{\"@id\":\"https:\/\/aeat.com.br\/aeat\/escola-kumon\/#primaryimage\"},\"thumbnailUrl\":\"https:\/\/aeat.com.br\/aeat\/wp-content\/uploads\/2025\/12\/franquia-kumon-logo.jpg\",\"datePublished\":\"2025-12-16T07:27:20+00:00\",\"dateModified\":\"2025-12-16T12:59:09+00:00\",\"breadcrumb\":{\"@id\":\"https:\/\/aeat.com.br\/aeat\/escola-kumon\/#breadcrumb\"},\"inLanguage\":\"pt-BR\",\"potentialAction\":[{\"@type\":\"ReadAction\",\"target\":[\"https:\/\/aeat.com.br\/aeat\/escola-kumon\/\"]}]},{\"@type\":\"ImageObject\",\"inLanguage\":\"pt-BR\",\"@id\":\"https:\/\/aeat.com.br\/aeat\/escola-kumon\/#primaryimage\",\"url\":\"https:\/\/aeat.com.br\/aeat\/wp-content\/uploads\/2025\/12\/franquia-kumon-logo.jpg\",\"contentUrl\":\"https:\/\/aeat.com.br\/aeat\/wp-content\/uploads\/2025\/12\/franquia-kumon-logo.jpg\",\"width\":820,\"height\":460},{\"@type\":\"BreadcrumbList\",\"@id\":\"https:\/\/aeat.com.br\/aeat\/escola-kumon\/#breadcrumb\",\"itemListElement\":[{\"@type\":\"ListItem\",\"position\":1,\"name\":\"Home\",\"item\":\"https:\/\/aeat.com.br\/aeat\/\"},{\"@type\":\"ListItem\",\"position\":2,\"name\":\"Escola KUMON\"}]},{\"@type\":\"WebSite\",\"@id\":\"https:\/\/aeat.com.br\/aeat\/#website\",\"url\":\"https:\/\/aeat.com.br\/aeat\/\",\"name\":\"AEAT\",\"description\":\"Associa\u00e7\u00e3o dos Engenheiros e Arquitetos de Taubat\u00e9\",\"potentialAction\":[{\"@type\":\"SearchAction\",\"target\":{\"@type\":\"EntryPoint\",\"urlTemplate\":\"https:\/\/aeat.com.br\/aeat\/?s={search_term_string}\"},\"query-input\":\"required name=search_term_string\"}],\"inLanguage\":\"pt-BR\"}]}<\/script>\n<!-- \/ Yoast SEO plugin. -->","yoast_head_json":{"title":"Escola KUMON - AEAT","robots":{"index":"index","follow":"follow","max-snippet":"max-snippet:-1","max-image-preview":"max-image-preview:large","max-video-preview":"max-video-preview:-1"},"canonical":"https:\/\/aeat.com.br\/aeat\/escola-kumon\/","og_locale":"pt_BR","og_type":"article","og_title":"Escola KUMON - AEAT","og_description":"Kumon\u00a0\u00e9 um\u00a0m\u00e9todo de estudo individualizado, criado no Jap\u00e3o, focado em desenvolver a autonomia, disciplina e racioc\u00ednio l\u00f3gico do aluno em ...","og_url":"https:\/\/aeat.com.br\/aeat\/escola-kumon\/","og_site_name":"AEAT","article_publisher":"https:\/\/www.facebook.com\/Associa%c3%a7%c3%a3o-dos-Engenheiros-e-Arquitetos-de-Taubat%c3%a9-AEAT-620651287980989\/","article_modified_time":"2025-12-16T12:59:09+00:00","og_image":[{"url":"https:\/\/aeat.com.br\/aeat\/wp-content\/uploads\/2025\/12\/franquia-kumon-logo.jpg"}],"twitter_card":"summary_large_image","twitter_misc":{"Est. tempo de leitura":"2 minutos"},"schema":{"@context":"https:\/\/schema.org","@graph":[{"@type":"WebPage","@id":"https:\/\/aeat.com.br\/aeat\/escola-kumon\/","url":"https:\/\/aeat.com.br\/aeat\/escola-kumon\/","name":"Escola KUMON - AEAT","isPartOf":{"@id":"https:\/\/aeat.com.br\/aeat\/#website"},"primaryImageOfPage":{"@id":"https:\/\/aeat.com.br\/aeat\/escola-kumon\/#primaryimage"},"image":{"@id":"https:\/\/aeat.com.br\/aeat\/escola-kumon\/#primaryimage"},"thumbnailUrl":"https:\/\/aeat.com.br\/aeat\/wp-content\/uploads\/2025\/12\/franquia-kumon-logo.jpg","datePublished":"2025-12-16T07:27:20+00:00","dateModified":"2025-12-16T12:59:09+00:00","breadcrumb":{"@id":"https:\/\/aeat.com.br\/aeat\/escola-kumon\/#breadcrumb"},"inLanguage":"pt-BR","potentialAction":[{"@type":"ReadAction","target":["https:\/\/aeat.com.br\/aeat\/escola-kumon\/"]}]},{"@type":"ImageObject","inLanguage":"pt-BR","@id":"https:\/\/aeat.com.br\/aeat\/escola-kumon\/#primaryimage","url":"https:\/\/aeat.com.br\/aeat\/wp-content\/uploads\/2025\/12\/franquia-kumon-logo.jpg","contentUrl":"https:\/\/aeat.com.br\/aeat\/wp-content\/uploads\/2025\/12\/franquia-kumon-logo.jpg","width":820,"height":460},{"@type":"BreadcrumbList","@id":"https:\/\/aeat.com.br\/aeat\/escola-kumon\/#breadcrumb","itemListElement":[{"@type":"ListItem","position":1,"name":"Home","item":"https:\/\/aeat.com.br\/aeat\/"},{"@type":"ListItem","position":2,"name":"Escola KUMON"}]},{"@type":"WebSite","@id":"https:\/\/aeat.com.br\/aeat\/#website","url":"https:\/\/aeat.com.br\/aeat\/","name":"AEAT","description":"Associa\u00e7\u00e3o dos Engenheiros e Arquitetos de Taubat\u00e9","potentialAction":[{"@type":"SearchAction","target":{"@type":"EntryPoint","urlTemplate":"https:\/\/aeat.com.br\/aeat\/?s={search_term_string}"},"query-input":"required name=search_term_string"}],"inLanguage":"pt-BR"}]}},"_links":{"self":[{"href":"https:\/\/aeat.com.br\/aeat\/wp-json\/wp\/v2\/pages\/6546"}],"collection":[{"href":"https:\/\/aeat.com.br\/aeat\/wp-json\/wp\/v2\/pages"}],"about":[{"href":"https:\/\/aeat.com.br\/aeat\/wp-json\/wp\/v2\/types\/page"}],"author":[{"embeddable":true,"href":"https:\/\/aeat.com.br\/aeat\/wp-json\/wp\/v2\/users\/2"}],"replies":[{"embeddable":true,"href":"https:\/\/aeat.com.br\/aeat\/wp-json\/wp\/v2\/comments?post=6546"}],"version-history":[{"count":3,"href":"https:\/\/aeat.com.br\/aeat\/wp-json\/wp\/v2\/pages\/6546\/revisions"}],"predecessor-version":[{"id":6558,"href":"https:\/\/aeat.com.br\/aeat\/wp-json\/wp\/v2\/pages\/6546\/revisions\/6558"}],"wp:attachment":[{"href":"https:\/\/aeat.com.br\/aeat\/wp-json\/wp\/v2\/media?parent=6546"}],"curies":[{"name":"wp","href":"https:\/\/api.w.org\/{rel}","templated":true}]}}