{"id":6717,"date":"2026-05-14T10:06:44","date_gmt":"2026-05-14T10:06:44","guid":{"rendered":"https:\/\/aeat.com.br\/aeat\/?page_id=6717"},"modified":"2026-05-14T14:08:18","modified_gmt":"2026-05-14T14:08:18","slug":"transparencia","status":"publish","type":"page","link":"https:\/\/aeat.com.br\/aeat\/transparencia\/","title":{"rendered":"Transpar\u00eancia"},"content":{"rendered":"<a href=\"https:\/\/aeat.com.br\/aeat\/wp-content\/uploads\/2026\/05\/Quadro-Transparencia-2026.pdf\" class=\"pdfemb-viewer\" style=\"\" data-width=\"max\" data-height=\"max\" data-toolbar=\"bottom\" data-toolbar-fixed=\"off\">Quadro Transpar\u00eancia 2026<\/a>\n","protected":false},"excerpt":{"rendered":"","protected":false},"author":2,"featured_media":0,"parent":0,"menu_order":0,"comment_status":"closed","ping_status":"closed","template":"","meta":{"_acf_changed":false,"footnotes":""},"acf":[],"yoast_head":"<!-- This site is optimized with the Yoast SEO plugin v23.1 - https:\/\/yoast.com\/wordpress\/plugins\/seo\/ -->\n<title>Transpar\u00eancia - AEAT<\/title>\n<meta name=\"robots\" content=\"index, follow, max-snippet:-1, max-image-preview:large, max-video-preview:-1\" \/>\n<link rel=\"canonical\" href=\"https:\/\/aeat.com.br\/aeat\/transparencia\/\" \/>\n<meta property=\"og:locale\" content=\"pt_BR\" \/>\n<meta property=\"og:type\" content=\"article\" \/>\n<meta property=\"og:title\" content=\"Transpar\u00eancia - AEAT\" \/>\n<meta property=\"og:url\" content=\"https:\/\/aeat.com.br\/aeat\/transparencia\/\" \/>\n<meta property=\"og:site_name\" content=\"AEAT\" \/>\n<meta property=\"article:publisher\" content=\"https:\/\/www.facebook.com\/Associa%c3%a7%c3%a3o-dos-Engenheiros-e-Arquitetos-de-Taubat%c3%a9-AEAT-620651287980989\/\" \/>\n<meta property=\"article:modified_time\" content=\"2026-05-14T14:08:18+00:00\" \/>\n<meta name=\"twitter:card\" content=\"summary_large_image\" \/>\n<meta name=\"twitter:label1\" content=\"Est. tempo de leitura\" \/>\n\t<meta name=\"twitter:data1\" content=\"1 minuto\" \/>\n<script type=\"application\/ld+json\" class=\"yoast-schema-graph\">{\"@context\":\"https:\/\/schema.org\",\"@graph\":[{\"@type\":\"WebPage\",\"@id\":\"https:\/\/aeat.com.br\/aeat\/transparencia\/\",\"url\":\"https:\/\/aeat.com.br\/aeat\/transparencia\/\",\"name\":\"Transpar\u00eancia - AEAT\",\"isPartOf\":{\"@id\":\"https:\/\/aeat.com.br\/aeat\/#website\"},\"datePublished\":\"2026-05-14T10:06:44+00:00\",\"dateModified\":\"2026-05-14T14:08:18+00:00\",\"breadcrumb\":{\"@id\":\"https:\/\/aeat.com.br\/aeat\/transparencia\/#breadcrumb\"},\"inLanguage\":\"pt-BR\",\"potentialAction\":[{\"@type\":\"ReadAction\",\"target\":[\"https:\/\/aeat.com.br\/aeat\/transparencia\/\"]}]},{\"@type\":\"BreadcrumbList\",\"@id\":\"https:\/\/aeat.com.br\/aeat\/transparencia\/#breadcrumb\",\"itemListElement\":[{\"@type\":\"ListItem\",\"position\":1,\"name\":\"Home\",\"item\":\"https:\/\/aeat.com.br\/aeat\/\"},{\"@type\":\"ListItem\",\"position\":2,\"name\":\"Transpar\u00eancia\"}]},{\"@type\":\"WebSite\",\"@id\":\"https:\/\/aeat.com.br\/aeat\/#website\",\"url\":\"https:\/\/aeat.com.br\/aeat\/\",\"name\":\"AEAT\",\"description\":\"Associa\u00e7\u00e3o dos Engenheiros e Arquitetos de Taubat\u00e9\",\"potentialAction\":[{\"@type\":\"SearchAction\",\"target\":{\"@type\":\"EntryPoint\",\"urlTemplate\":\"https:\/\/aeat.com.br\/aeat\/?s={search_term_string}\"},\"query-input\":\"required name=search_term_string\"}],\"inLanguage\":\"pt-BR\"}]}<\/script>\n<!-- \/ Yoast SEO plugin. -->","yoast_head_json":{"title":"Transpar\u00eancia - AEAT","robots":{"index":"index","follow":"follow","max-snippet":"max-snippet:-1","max-image-preview":"max-image-preview:large","max-video-preview":"max-video-preview:-1"},"canonical":"https:\/\/aeat.com.br\/aeat\/transparencia\/","og_locale":"pt_BR","og_type":"article","og_title":"Transpar\u00eancia - AEAT","og_url":"https:\/\/aeat.com.br\/aeat\/transparencia\/","og_site_name":"AEAT","article_publisher":"https:\/\/www.facebook.com\/Associa%c3%a7%c3%a3o-dos-Engenheiros-e-Arquitetos-de-Taubat%c3%a9-AEAT-620651287980989\/","article_modified_time":"2026-05-14T14:08:18+00:00","twitter_card":"summary_large_image","twitter_misc":{"Est. tempo de leitura":"1 minuto"},"schema":{"@context":"https:\/\/schema.org","@graph":[{"@type":"WebPage","@id":"https:\/\/aeat.com.br\/aeat\/transparencia\/","url":"https:\/\/aeat.com.br\/aeat\/transparencia\/","name":"Transpar\u00eancia - AEAT","isPartOf":{"@id":"https:\/\/aeat.com.br\/aeat\/#website"},"datePublished":"2026-05-14T10:06:44+00:00","dateModified":"2026-05-14T14:08:18+00:00","breadcrumb":{"@id":"https:\/\/aeat.com.br\/aeat\/transparencia\/#breadcrumb"},"inLanguage":"pt-BR","potentialAction":[{"@type":"ReadAction","target":["https:\/\/aeat.com.br\/aeat\/transparencia\/"]}]},{"@type":"BreadcrumbList","@id":"https:\/\/aeat.com.br\/aeat\/transparencia\/#breadcrumb","itemListElement":[{"@type":"ListItem","position":1,"name":"Home","item":"https:\/\/aeat.com.br\/aeat\/"},{"@type":"ListItem","position":2,"name":"Transpar\u00eancia"}]},{"@type":"WebSite","@id":"https:\/\/aeat.com.br\/aeat\/#website","url":"https:\/\/aeat.com.br\/aeat\/","name":"AEAT","description":"Associa\u00e7\u00e3o dos Engenheiros e Arquitetos de Taubat\u00e9","potentialAction":[{"@type":"SearchAction","target":{"@type":"EntryPoint","urlTemplate":"https:\/\/aeat.com.br\/aeat\/?s={search_term_string}"},"query-input":"required name=search_term_string"}],"inLanguage":"pt-BR"}]}},"_links":{"self":[{"href":"https:\/\/aeat.com.br\/aeat\/wp-json\/wp\/v2\/pages\/6717"}],"collection":[{"href":"https:\/\/aeat.com.br\/aeat\/wp-json\/wp\/v2\/pages"}],"about":[{"href":"https:\/\/aeat.com.br\/aeat\/wp-json\/wp\/v2\/types\/page"}],"author":[{"embeddable":true,"href":"https:\/\/aeat.com.br\/aeat\/wp-json\/wp\/v2\/users\/2"}],"replies":[{"embeddable":true,"href":"https:\/\/aeat.com.br\/aeat\/wp-json\/wp\/v2\/comments?post=6717"}],"version-history":[{"count":1,"href":"https:\/\/aeat.com.br\/aeat\/wp-json\/wp\/v2\/pages\/6717\/revisions"}],"predecessor-version":[{"id":6719,"href":"https:\/\/aeat.com.br\/aeat\/wp-json\/wp\/v2\/pages\/6717\/revisions\/6719"}],"wp:attachment":[{"href":"https:\/\/aeat.com.br\/aeat\/wp-json\/wp\/v2\/media?parent=6717"}],"curies":[{"name":"wp","href":"https:\/\/api.w.org\/{rel}","templated":true}]}}